{"id":5639,"date":"2022-10-21T14:17:05","date_gmt":"2022-10-21T14:17:05","guid":{"rendered":"https:\/\/support.iptv-nordic.com\/?page_id=5639"},"modified":"2024-08-27T12:06:09","modified_gmt":"2024-08-27T12:06:09","slug":"flix-app","status":"publish","type":"page","link":"https:\/\/support.iptv-nordic.com\/de\/flix-app\/","title":{"rendered":"FLIX-APP"},"content":{"rendered":"<div data-elementor-type=\"wp-page\" data-elementor-id=\"5639\" class=\"elementor elementor-5639\">\n\t\t\t\t\t\t\t\t\t<section class=\"elementor-section elementor-top-section elementor-element elementor-element-a244338 elementor-section-height-min-height elementor-section-stretched elementor-section-boxed elementor-section-height-default elementor-section-items-middle\" data-id=\"a244338\" data-element_type=\"section\" data-settings=\"{&quot;stretch_section&quot;:&quot;section-stretched&quot;,&quot;background_background&quot;:&quot;classic&quot;,&quot;shape_divider_bottom&quot;:&quot;waves&quot;}\">\n\t\t\t\t\t<div class=\"elementor-shape elementor-shape-bottom\" data-negative=\"false\">\n\t\t\t<svg xmlns=\"http:\/\/www.w3.org\/2000\/svg\" viewbox=\"0 0 1000 100\" preserveaspectratio=\"none\">\n\t<path class=\"elementor-shape-fill\" d=\"M421.9,6.5c22.6-2.5,51.5,0.4,75.5,5.3c23.6,4.9,70.9,23.5,100.5,35.7c75.8,32.2,133.7,44.5,192.6,49.7\tc23.6,2.1,48.7,3.5,103.4-2.5c54.7-6,106.2-25.6,106.2-25.6V0H0v30.3c0,0,72,32.6,158.4,30.5c39.2-0.7,92.8-6.7,134-22.4\tc21.2-8.1,52.2-18.2,79.7-24.2C399.3,7.9,411.6,7.5,421.9,6.5z\"\/>\n<\/svg>\t\t<\/div>\n\t\t\t\t\t<div class=\"elementor-container elementor-column-gap-default\">\n\t\t\t\t\t<div class=\"elementor-column elementor-col-100 elementor-top-column elementor-element elementor-element-d5de313\" data-id=\"d5de313\" data-element_type=\"column\">\n\t\t\t<div class=\"elementor-widget-wrap elementor-element-populated\">\n\t\t\t\t\t\t\t\t<section class=\"elementor-section elementor-inner-section elementor-element elementor-element-aa3603b elementor-section-boxed elementor-section-height-default elementor-section-height-default\" data-id=\"aa3603b\" data-element_type=\"section\">\n\t\t\t\t\t\t<div class=\"elementor-container elementor-column-gap-default\">\n\t\t\t\t\t<div class=\"elementor-column elementor-col-100 elementor-inner-column elementor-element elementor-element-9c0a9fc\" data-id=\"9c0a9fc\" data-element_type=\"column\">\n\t\t\t<div class=\"elementor-widget-wrap elementor-element-populated\">\n\t\t\t\t\t\t\t\t<div class=\"elementor-element elementor-element-e14fada elementor-widget elementor-widget-pix-highlighted-text\" data-id=\"e14fada\" data-element_type=\"widget\" data-widget_type=\"pix-highlighted-text.default\">\n\t\t\t\t<div class=\"elementor-widget-container\">\n\t\t\t<div id=\"highlighted-text-129887193\" class=\"pix-highlighted-element text-left\"><div class=\"d-inline-block\" style=\"max-width:650px;\"><h1 class=\"pix-highlighted-items\" style=\"\" data-anim-type=\"\" data-anim-delay=\"\"><span class=\"\"><span class=\"pix-highlighted-text pix-highlight-item font-weight-normal  heading-font text-heading-default\">Wie man einrichtet<\/span><\/span><\/br><span id=\"highlighted-text-129887193-1\" class=\"pix-highlight-bg align-middle2  elementor-repeater-item-91671f5 highlighted-text-129887193-1 animate-in\" data-anim-type=\"highlight-grow\" data-anim-delay=\"200\"><span class=\"pix-highlighted-text  pix-highlight-item font-weight-normal  font-weight-bold heading-font text-heading-default\">Flix-IPTV<\/span><\/span><\/h1><\/div><\/div>\t\t<\/div>\n\t\t\t\t<\/div>\n\t\t\t\t\t<\/div>\n\t\t<\/div>\n\t\t\t\t\t\t\t<\/div>\n\t\t<\/section>\n\t\t\t\t\t<\/div>\n\t\t<\/div>\n\t\t\t\t\t\t\t<\/div>\n\t\t<\/section>\n\t\t\t\t<section class=\"elementor-section elementor-top-section elementor-element elementor-element-0557c78 elementor-section-boxed elementor-section-height-default elementor-section-height-default\" data-id=\"0557c78\" data-element_type=\"section\">\n\t\t\t\t\t\t<div class=\"elementor-container elementor-column-gap-default\">\n\t\t\t\t\t<div class=\"elementor-column elementor-col-100 elementor-top-column elementor-element elementor-element-0893bca\" data-id=\"0893bca\" data-element_type=\"column\">\n\t\t\t<div class=\"elementor-widget-wrap elementor-element-populated\">\n\t\t\t\t\t\t\t\t<div class=\"elementor-element elementor-element-51ff1cf elementor-widget elementor-widget-text-editor\" data-id=\"51ff1cf\" data-element_type=\"widget\" data-widget_type=\"text-editor.default\">\n\t\t\t\t<div class=\"elementor-widget-container\">\n\t\t\t<style>\/*! elementor - v3.6.7 - 03-07-2022 *\/\n.elementor-widget-text-editor.elementor-drop-cap-view-stacked .elementor-drop-cap{background-color:#818a91;color:#fff}.elementor-widget-text-editor.elementor-drop-cap-view-framed .elementor-drop-cap{color:#818a91;border:3px solid;background-color:transparent}.elementor-widget-text-editor:not(.elementor-drop-cap-view-default) .elementor-drop-cap{margin-top:8px}.elementor-widget-text-editor:not(.elementor-drop-cap-view-default) .elementor-drop-cap-letter{width:1em;height:1em}.elementor-widget-text-editor .elementor-drop-cap{float:left;text-align:center;line-height:1;font-size:50px}.elementor-widget-text-editor .elementor-drop-cap-letter{display:inline-block}<\/style>\t\t\t\t<p>1- Starten Sie die Anwendung nach der Installation, um ihre Mac-Adresse auf ihrer Benutzeroberfl\u00e4che anzuzeigen.<\/p><div class=\"google-auto-placed ap_container\"><p>\u00a0<\/p><p>Wenn Sie ihre Mac-Adresse nicht notiert haben, k\u00f6nnen Sie dies tun, indem Sie zum linken Men\u00fc gehen und zu navigieren <strong>Einstellungen<\/strong>,<\/p><\/div><figure class=\"wp-block-image size-full\"><img loading=\"lazy\" decoding=\"async\" class=\"alignnone wp-image-5647 size-full\" src=\"https:\/\/support.iptv-nordic.com\/wp-content\/uploads\/2022\/10\/flix-iptv-setting.webp\" alt=\"\" width=\"750\" height=\"422\" title=\"\" srcset=\"https:\/\/support.iptv-nordic.com\/wp-content\/uploads\/2022\/10\/flix-iptv-setting.webp 750w, https:\/\/support.iptv-nordic.com\/wp-content\/uploads\/2022\/10\/flix-iptv-setting-300x169.webp 300w, https:\/\/support.iptv-nordic.com\/wp-content\/uploads\/2022\/10\/flix-iptv-setting-18x10.webp 18w, https:\/\/support.iptv-nordic.com\/wp-content\/uploads\/2022\/10\/flix-iptv-setting-600x338.webp 600w\" sizes=\"auto, (max-width: 750px) 100vw, 750px\" \/><\/figure><p>und scrollen Sie im n\u00e4chsten Men\u00fc nach unten zu\u00a0<strong>Benutzerkonto<\/strong>,<\/p><figure class=\"wp-block-image size-full\"><img loading=\"lazy\" decoding=\"async\" class=\"alignnone wp-image-5646 size-full\" src=\"https:\/\/support.iptv-nordic.com\/wp-content\/uploads\/2022\/10\/flix-iptv-uesr-account.webp\" alt=\"\" width=\"750\" height=\"422\" title=\"\" srcset=\"https:\/\/support.iptv-nordic.com\/wp-content\/uploads\/2022\/10\/flix-iptv-uesr-account.webp 750w, https:\/\/support.iptv-nordic.com\/wp-content\/uploads\/2022\/10\/flix-iptv-uesr-account-300x169.webp 300w, https:\/\/support.iptv-nordic.com\/wp-content\/uploads\/2022\/10\/flix-iptv-uesr-account-18x10.webp 18w, https:\/\/support.iptv-nordic.com\/wp-content\/uploads\/2022\/10\/flix-iptv-uesr-account-600x338.webp 600w\" sizes=\"auto, (max-width: 750px) 100vw, 750px\" \/><\/figure><p>und Sie erhalten dann Ihr Ger\u00e4t\u00a0<strong>MAC<\/strong>\u00a0die Anschrift.<\/p><figure class=\"wp-block-image size-full\"><img loading=\"lazy\" decoding=\"async\" class=\"alignnone wp-image-5645 size-full\" src=\"https:\/\/support.iptv-nordic.com\/wp-content\/uploads\/2022\/10\/flix-iptv-mac-address.webp\" alt=\"\" width=\"750\" height=\"422\" title=\"\" srcset=\"https:\/\/support.iptv-nordic.com\/wp-content\/uploads\/2022\/10\/flix-iptv-mac-address.webp 750w, https:\/\/support.iptv-nordic.com\/wp-content\/uploads\/2022\/10\/flix-iptv-mac-address-300x169.webp 300w, https:\/\/support.iptv-nordic.com\/wp-content\/uploads\/2022\/10\/flix-iptv-mac-address-18x10.webp 18w, https:\/\/support.iptv-nordic.com\/wp-content\/uploads\/2022\/10\/flix-iptv-mac-address-600x338.webp 600w\" sizes=\"auto, (max-width: 750px) 100vw, 750px\" \/><\/figure><p>2- Gehen Sie zum Link: <a href=\"https:\/\/flixiptv.eu\/mylist\" target=\"_blank\" rel=\"noopener\"><span style=\"color: #ff0000;\">https:\/\/flixiptv.eu\/mylist<\/span><\/a><\/p><p>3- Geben Sie die erforderlichen Informationen, die MAC-Adresse und Ihren m3u-Link ein und klicken Sie\u00a0<strong>Senden<\/strong>.<\/p><figure class=\"wp-block-image size-full\"><img loading=\"lazy\" decoding=\"async\" class=\"alignnone wp-image-5644 size-full\" src=\"https:\/\/support.iptv-nordic.com\/wp-content\/uploads\/2022\/10\/flix-iptv-mylist.webp\" alt=\"\" width=\"750\" height=\"167\" title=\"\" srcset=\"https:\/\/support.iptv-nordic.com\/wp-content\/uploads\/2022\/10\/flix-iptv-mylist.webp 750w, https:\/\/support.iptv-nordic.com\/wp-content\/uploads\/2022\/10\/flix-iptv-mylist-300x67.webp 300w, https:\/\/support.iptv-nordic.com\/wp-content\/uploads\/2022\/10\/flix-iptv-mylist-18x4.webp 18w, https:\/\/support.iptv-nordic.com\/wp-content\/uploads\/2022\/10\/flix-iptv-mylist-600x134.webp 600w\" sizes=\"auto, (max-width: 750px) 100vw, 750px\" \/><\/figure><p>4- Der letzte Schritt besteht darin, die Anwendung neu zu starten oder die Liste unter Einstellungen &gt; Wiedergabeliste \u00e4ndern zu aktualisieren. Es erscheint ein Fenster, in dem Sie aufgefordert werden, die Liste neu zu laden. Klicken Sie auf \u201eOK\u201c.<\/p>\t\t\t\t\t\t<\/div>\n\t\t\t\t<\/div>\n\t\t\t\t\t<\/div>\n\t\t<\/div>\n\t\t\t\t\t\t\t<\/div>\n\t\t<\/section>\n\t\t\t\t\t\t\t<\/div>","protected":false},"excerpt":{"rendered":"<p>So richten Sie Flix IPTV ein: 1- Nachdem Sie die Anwendung installiert haben, starten Sie sie, um ihre Mac-Adresse auf ihrer Benutzeroberfl\u00e4che anzuzeigen. Wenn Sie ihre Mac-Adresse nicht notiert haben, k\u00f6nnen Sie dies tun, indem Sie im linken Men\u00fc zu \u2026 navigieren.<\/p>","protected":false},"author":1,"featured_media":0,"parent":0,"menu_order":0,"comment_status":"closed","ping_status":"closed","template":"elementor_header_footer","meta":{"footnotes":""},"class_list":["post-5639","page","type-page","status-publish","hentry"],"_links":{"self":[{"href":"https:\/\/support.iptv-nordic.com\/de\/wp-json\/wp\/v2\/pages\/5639","targetHints":{"allow":["GET"]}}],"collection":[{"href":"https:\/\/support.iptv-nordic.com\/de\/wp-json\/wp\/v2\/pages"}],"about":[{"href":"https:\/\/support.iptv-nordic.com\/de\/wp-json\/wp\/v2\/types\/page"}],"author":[{"embeddable":true,"href":"https:\/\/support.iptv-nordic.com\/de\/wp-json\/wp\/v2\/users\/1"}],"replies":[{"embeddable":true,"href":"https:\/\/support.iptv-nordic.com\/de\/wp-json\/wp\/v2\/comments?post=5639"}],"version-history":[{"count":10,"href":"https:\/\/support.iptv-nordic.com\/de\/wp-json\/wp\/v2\/pages\/5639\/revisions"}],"predecessor-version":[{"id":5919,"href":"https:\/\/support.iptv-nordic.com\/de\/wp-json\/wp\/v2\/pages\/5639\/revisions\/5919"}],"wp:attachment":[{"href":"https:\/\/support.iptv-nordic.com\/de\/wp-json\/wp\/v2\/media?parent=5639"}],"curies":[{"name":"wp","href":"https:\/\/api.w.org\/{rel}","templated":true}]}}