{"id":5651,"date":"2022-10-21T14:31:43","date_gmt":"2022-10-21T14:31:43","guid":{"rendered":"https:\/\/support.iptv-nordic.com\/?page_id=5651"},"modified":"2024-08-27T12:09:27","modified_gmt":"2024-08-27T12:09:27","slug":"net-iptv","status":"publish","type":"page","link":"https:\/\/support.iptv-nordic.com\/fr\/net-iptv\/","title":{"rendered":"NET IPTV"},"content":{"rendered":"<div data-elementor-type=\"wp-page\" data-elementor-id=\"5651\" class=\"elementor elementor-5651\">\n\t\t\t\t\t\t\t\t\t<section class=\"elementor-section elementor-top-section elementor-element elementor-element-a244338 elementor-section-height-min-height elementor-section-stretched elementor-section-boxed elementor-section-height-default elementor-section-items-middle\" data-id=\"a244338\" data-element_type=\"section\" data-settings=\"{&quot;stretch_section&quot;:&quot;section-stretched&quot;,&quot;background_background&quot;:&quot;classic&quot;,&quot;shape_divider_bottom&quot;:&quot;waves&quot;}\">\n\t\t\t\t\t<div class=\"elementor-shape elementor-shape-bottom\" data-negative=\"false\">\n\t\t\t<svg xmlns=\"http:\/\/www.w3.org\/2000\/svg\" viewbox=\"0 0 1000 100\" preserveaspectratio=\"none\">\n\t<path class=\"elementor-shape-fill\" d=\"M421.9,6.5c22.6-2.5,51.5,0.4,75.5,5.3c23.6,4.9,70.9,23.5,100.5,35.7c75.8,32.2,133.7,44.5,192.6,49.7\tc23.6,2.1,48.7,3.5,103.4-2.5c54.7-6,106.2-25.6,106.2-25.6V0H0v30.3c0,0,72,32.6,158.4,30.5c39.2-0.7,92.8-6.7,134-22.4\tc21.2-8.1,52.2-18.2,79.7-24.2C399.3,7.9,411.6,7.5,421.9,6.5z\"\/>\n<\/svg>\t\t<\/div>\n\t\t\t\t\t<div class=\"elementor-container elementor-column-gap-default\">\n\t\t\t\t\t<div class=\"elementor-column elementor-col-100 elementor-top-column elementor-element elementor-element-d5de313\" data-id=\"d5de313\" data-element_type=\"column\">\n\t\t\t<div class=\"elementor-widget-wrap elementor-element-populated\">\n\t\t\t\t\t\t\t\t<section class=\"elementor-section elementor-inner-section elementor-element elementor-element-aa3603b elementor-section-boxed elementor-section-height-default elementor-section-height-default\" data-id=\"aa3603b\" data-element_type=\"section\">\n\t\t\t\t\t\t<div class=\"elementor-container elementor-column-gap-default\">\n\t\t\t\t\t<div class=\"elementor-column elementor-col-100 elementor-inner-column elementor-element elementor-element-9c0a9fc\" data-id=\"9c0a9fc\" data-element_type=\"column\">\n\t\t\t<div class=\"elementor-widget-wrap elementor-element-populated\">\n\t\t\t\t\t\t\t\t<div class=\"elementor-element elementor-element-e14fada elementor-widget elementor-widget-pix-highlighted-text\" data-id=\"e14fada\" data-element_type=\"widget\" data-widget_type=\"pix-highlighted-text.default\">\n\t\t\t\t<div class=\"elementor-widget-container\">\n\t\t\t<div id=\"highlighted-text-11107294\" class=\"pix-highlighted-element text-left\"><div class=\"d-inline-block\" style=\"max-width:650px;\"><h2 class=\"pix-highlighted-items\" style=\"\" data-anim-type=\"\" data-anim-delay=\"\"><span class=\"\"><span class=\"pix-highlighted-text pix-highlight-item font-weight-normal  heading-font text-heading-default\">Comment configurer<\/span><\/span><\/br><span id=\"highlighted-text-11107294-1\" class=\"pix-highlight-bg align-middle2  elementor-repeater-item-91671f5 highlighted-text-11107294-1 animate-in\" data-anim-type=\"highlight-grow\" data-anim-delay=\"200\"><span class=\"pix-highlighted-text  pix-highlight-item font-weight-normal  font-weight-bold heading-font text-heading-default\">NET IPTV<\/span><\/span><\/h2><\/div><\/div>\t\t<\/div>\n\t\t\t\t<\/div>\n\t\t\t\t\t<\/div>\n\t\t<\/div>\n\t\t\t\t\t\t\t<\/div>\n\t\t<\/section>\n\t\t\t\t\t<\/div>\n\t\t<\/div>\n\t\t\t\t\t\t\t<\/div>\n\t\t<\/section>\n\t\t\t\t<section class=\"elementor-section elementor-top-section elementor-element elementor-element-0557c78 elementor-section-boxed elementor-section-height-default elementor-section-height-default\" data-id=\"0557c78\" data-element_type=\"section\">\n\t\t\t\t\t\t<div class=\"elementor-container elementor-column-gap-default\">\n\t\t\t\t\t<div class=\"elementor-column elementor-col-100 elementor-top-column elementor-element elementor-element-0893bca\" data-id=\"0893bca\" data-element_type=\"column\">\n\t\t\t<div class=\"elementor-widget-wrap elementor-element-populated\">\n\t\t\t\t\t\t\t\t<div class=\"elementor-element elementor-element-51ff1cf elementor-widget elementor-widget-text-editor\" data-id=\"51ff1cf\" data-element_type=\"widget\" data-widget_type=\"text-editor.default\">\n\t\t\t\t<div class=\"elementor-widget-container\">\n\t\t\t<style>\/*! elementor - v3.6.7 - 03-07-2022 *\/\n.elementor-widget-text-editor.elementor-drop-cap-view-stacked .elementor-drop-cap{background-color:#818a91;color:#fff}.elementor-widget-text-editor.elementor-drop-cap-view-framed .elementor-drop-cap{color:#818a91;border:3px solid;background-color:transparent}.elementor-widget-text-editor:not(.elementor-drop-cap-view-default) .elementor-drop-cap{margin-top:8px}.elementor-widget-text-editor:not(.elementor-drop-cap-view-default) .elementor-drop-cap-letter{width:1em;height:1em}.elementor-widget-text-editor .elementor-drop-cap{float:left;text-align:center;line-height:1;font-size:50px}.elementor-widget-text-editor .elementor-drop-cap-letter{display:inline-block}<\/style>\t\t\t\t<ol class=\"schema-how-to-steps\"><li id=\"how-to-step-1580905043550\" class=\"schema-how-to-step\"><strong class=\"schema-how-to-step-name\">Trouver l&#039;adresse Mac<\/strong><br \/><p class=\"schema-how-to-step-text\">Ouvrez l&#039;application et vous pouvez voir l&#039;adresse MAC, sinon, acc\u00e9dez aux informations (en appuyant g\u00e9n\u00e9ralement sur le bouton ROUGE)<img loading=\"lazy\" decoding=\"async\" class=\"alignnone wp-image-5656 size-full\" src=\"https:\/\/support.iptv-nordic.com\/wp-content\/uploads\/2022\/10\/install-netIPTV-01-1030x579-1.jpg\" alt=\"\" width=\"1030\" height=\"579\" title=\"\" srcset=\"https:\/\/support.iptv-nordic.com\/wp-content\/uploads\/2022\/10\/install-netIPTV-01-1030x579-1.jpg 1030w, https:\/\/support.iptv-nordic.com\/wp-content\/uploads\/2022\/10\/install-netIPTV-01-1030x579-1-300x169.jpg 300w, https:\/\/support.iptv-nordic.com\/wp-content\/uploads\/2022\/10\/install-netIPTV-01-1030x579-1-1024x576.jpg 1024w, https:\/\/support.iptv-nordic.com\/wp-content\/uploads\/2022\/10\/install-netIPTV-01-1030x579-1-768x432.jpg 768w, https:\/\/support.iptv-nordic.com\/wp-content\/uploads\/2022\/10\/install-netIPTV-01-1030x579-1-18x10.jpg 18w, https:\/\/support.iptv-nordic.com\/wp-content\/uploads\/2022\/10\/install-netIPTV-01-1030x579-1-600x337.jpg 600w\" sizes=\"auto, (max-width: 1030px) 100vw, 1030px\" \/><\/p><\/li><li id=\"how-to-step-1580905350295\" class=\"schema-how-to-step\"><strong class=\"schema-how-to-step-name\">T\u00e9l\u00e9charger le lien M3u via le portail<\/strong><br \/><p class=\"schema-how-to-step-text\">Ouvrez la page de t\u00e9l\u00e9chargement de l&#039;application via le navigateur\u00a0:\u00a0<a href=\"https:\/\/netiptv.eu\/Upload\" target=\"_blank\" rel=\"noopener\">https:\/\/netiptv.eu\/Upload<\/a><br \/>Entrez votre \u00a0<strong>Adresse Mac<\/strong>\u00a0 dans\u00a0<strong>ID MAC\/APP<\/strong>\u00a0sous la ligne UPLOAD m3U\/URL, puis appuyez sur\u00a0<strong>Ajouter la liste<\/strong><br \/><img loading=\"lazy\" decoding=\"async\" class=\"alignnone size-full wp-image-5657\" src=\"https:\/\/support.iptv-nordic.com\/wp-content\/uploads\/2022\/10\/install-netIPTV-02-1030x579-1.jpg\" alt=\"\" width=\"1030\" height=\"579\" title=\"\" srcset=\"https:\/\/support.iptv-nordic.com\/wp-content\/uploads\/2022\/10\/install-netIPTV-02-1030x579-1.jpg 1030w, https:\/\/support.iptv-nordic.com\/wp-content\/uploads\/2022\/10\/install-netIPTV-02-1030x579-1-300x169.jpg 300w, https:\/\/support.iptv-nordic.com\/wp-content\/uploads\/2022\/10\/install-netIPTV-02-1030x579-1-1024x576.jpg 1024w, https:\/\/support.iptv-nordic.com\/wp-content\/uploads\/2022\/10\/install-netIPTV-02-1030x579-1-768x432.jpg 768w, https:\/\/support.iptv-nordic.com\/wp-content\/uploads\/2022\/10\/install-netIPTV-02-1030x579-1-18x10.jpg 18w, https:\/\/support.iptv-nordic.com\/wp-content\/uploads\/2022\/10\/install-netIPTV-02-1030x579-1-600x337.jpg 600w\" sizes=\"auto, (max-width: 1030px) 100vw, 1030px\" \/><\/p><\/li><li id=\"how-to-step-1580905522494\" class=\"schema-how-to-step\"><strong class=\"schema-how-to-step-name\">Entrez le lien m3u et mettez \u00e0 jour<\/strong><br \/><p class=\"schema-how-to-step-text\">Entrez le lien m3u que vous avez re\u00e7u du fournisseur dans\u00a0<strong>URL1\u00a0<\/strong>champ<br \/>Cliquez sur\u00a0<strong>Mettre \u00e0 jour la liste<\/strong><br \/>Fait<br \/>Vous devez revenir \u00e0 l&#039;application net IPTV et appuyer sur<strong>\u00a0num\u00e9ro 0<\/strong>\u00a0sur la t\u00e9l\u00e9commande pour recharger la liste.<img loading=\"lazy\" decoding=\"async\" class=\"alignnone size-full wp-image-5658\" src=\"https:\/\/support.iptv-nordic.com\/wp-content\/uploads\/2022\/10\/install-netIPTV-03-1030x579-1.jpg\" alt=\"\" width=\"1030\" height=\"579\" title=\"\" srcset=\"https:\/\/support.iptv-nordic.com\/wp-content\/uploads\/2022\/10\/install-netIPTV-03-1030x579-1.jpg 1030w, https:\/\/support.iptv-nordic.com\/wp-content\/uploads\/2022\/10\/install-netIPTV-03-1030x579-1-300x169.jpg 300w, https:\/\/support.iptv-nordic.com\/wp-content\/uploads\/2022\/10\/install-netIPTV-03-1030x579-1-1024x576.jpg 1024w, https:\/\/support.iptv-nordic.com\/wp-content\/uploads\/2022\/10\/install-netIPTV-03-1030x579-1-768x432.jpg 768w, https:\/\/support.iptv-nordic.com\/wp-content\/uploads\/2022\/10\/install-netIPTV-03-1030x579-1-18x10.jpg 18w, https:\/\/support.iptv-nordic.com\/wp-content\/uploads\/2022\/10\/install-netIPTV-03-1030x579-1-600x337.jpg 600w\" sizes=\"auto, (max-width: 1030px) 100vw, 1030px\" \/><\/p><\/li><li>prendre plaisir \u00e0 regarder<\/li><\/ol>\t\t\t\t\t\t<\/div>\n\t\t\t\t<\/div>\n\t\t\t\t\t<\/div>\n\t\t<\/div>\n\t\t\t\t\t\t\t<\/div>\n\t\t<\/section>\n\t\t\t\t\t\t\t<\/div>","protected":false},"excerpt":{"rendered":"<p>Comment configurer NET IPTV Trouver l&#039;adresse Mac Ouvrez l&#039;application et vous pouvez voir l&#039;adresse MAC, sinon, acc\u00e9dez aux informations (en appuyant g\u00e9n\u00e9ralement sur le bouton ROUGE) T\u00e9l\u00e9chargez le lien M3u via le portail Ouvrez la page de t\u00e9l\u00e9chargement de l&#039;application via\u2026<\/p>","protected":false},"author":1,"featured_media":0,"parent":0,"menu_order":0,"comment_status":"closed","ping_status":"closed","template":"elementor_header_footer","meta":{"footnotes":""},"class_list":["post-5651","page","type-page","status-publish","hentry"],"_links":{"self":[{"href":"https:\/\/support.iptv-nordic.com\/fr\/wp-json\/wp\/v2\/pages\/5651","targetHints":{"allow":["GET"]}}],"collection":[{"href":"https:\/\/support.iptv-nordic.com\/fr\/wp-json\/wp\/v2\/pages"}],"about":[{"href":"https:\/\/support.iptv-nordic.com\/fr\/wp-json\/wp\/v2\/types\/page"}],"author":[{"embeddable":true,"href":"https:\/\/support.iptv-nordic.com\/fr\/wp-json\/wp\/v2\/users\/1"}],"replies":[{"embeddable":true,"href":"https:\/\/support.iptv-nordic.com\/fr\/wp-json\/wp\/v2\/comments?post=5651"}],"version-history":[{"count":8,"href":"https:\/\/support.iptv-nordic.com\/fr\/wp-json\/wp\/v2\/pages\/5651\/revisions"}],"predecessor-version":[{"id":5941,"href":"https:\/\/support.iptv-nordic.com\/fr\/wp-json\/wp\/v2\/pages\/5651\/revisions\/5941"}],"wp:attachment":[{"href":"https:\/\/support.iptv-nordic.com\/fr\/wp-json\/wp\/v2\/media?parent=5651"}],"curies":[{"name":"wp","href":"https:\/\/api.w.org\/{rel}","templated":true}]}}