{"id":5685,"date":"2022-10-22T09:43:08","date_gmt":"2022-10-22T09:43:08","guid":{"rendered":"https:\/\/support.iptv-nordic.com\/?page_id=5685"},"modified":"2024-08-27T12:06:38","modified_gmt":"2024-08-27T12:06:38","slug":"ibo-player","status":"publish","type":"page","link":"https:\/\/support.iptv-nordic.com\/fr\/ibo-joueur\/","title":{"rendered":"JOUEUR IBO"},"content":{"rendered":"<div data-elementor-type=\"wp-page\" data-elementor-id=\"5685\" class=\"elementor elementor-5685\">\n\t\t\t\t\t\t\t\t\t<section class=\"elementor-section elementor-top-section elementor-element elementor-element-a244338 elementor-section-height-min-height elementor-section-stretched elementor-section-boxed elementor-section-height-default elementor-section-items-middle\" data-id=\"a244338\" data-element_type=\"section\" data-settings=\"{&quot;stretch_section&quot;:&quot;section-stretched&quot;,&quot;background_background&quot;:&quot;classic&quot;,&quot;shape_divider_bottom&quot;:&quot;waves&quot;}\">\n\t\t\t\t\t<div class=\"elementor-shape elementor-shape-bottom\" data-negative=\"false\">\n\t\t\t<svg xmlns=\"http:\/\/www.w3.org\/2000\/svg\" viewbox=\"0 0 1000 100\" preserveaspectratio=\"none\">\n\t<path class=\"elementor-shape-fill\" d=\"M421.9,6.5c22.6-2.5,51.5,0.4,75.5,5.3c23.6,4.9,70.9,23.5,100.5,35.7c75.8,32.2,133.7,44.5,192.6,49.7\tc23.6,2.1,48.7,3.5,103.4-2.5c54.7-6,106.2-25.6,106.2-25.6V0H0v30.3c0,0,72,32.6,158.4,30.5c39.2-0.7,92.8-6.7,134-22.4\tc21.2-8.1,52.2-18.2,79.7-24.2C399.3,7.9,411.6,7.5,421.9,6.5z\"\/>\n<\/svg>\t\t<\/div>\n\t\t\t\t\t<div class=\"elementor-container elementor-column-gap-default\">\n\t\t\t\t\t<div class=\"elementor-column elementor-col-100 elementor-top-column elementor-element elementor-element-d5de313\" data-id=\"d5de313\" data-element_type=\"column\">\n\t\t\t<div class=\"elementor-widget-wrap elementor-element-populated\">\n\t\t\t\t\t\t\t\t<section class=\"elementor-section elementor-inner-section elementor-element elementor-element-aa3603b elementor-section-boxed elementor-section-height-default elementor-section-height-default\" data-id=\"aa3603b\" data-element_type=\"section\">\n\t\t\t\t\t\t<div class=\"elementor-container elementor-column-gap-default\">\n\t\t\t\t\t<div class=\"elementor-column elementor-col-100 elementor-inner-column elementor-element elementor-element-9c0a9fc\" data-id=\"9c0a9fc\" data-element_type=\"column\">\n\t\t\t<div class=\"elementor-widget-wrap elementor-element-populated\">\n\t\t\t\t\t\t\t\t<div class=\"elementor-element elementor-element-e14fada elementor-widget elementor-widget-pix-highlighted-text\" data-id=\"e14fada\" data-element_type=\"widget\" data-widget_type=\"pix-highlighted-text.default\">\n\t\t\t\t<div class=\"elementor-widget-container\">\n\t\t\t<div id=\"highlighted-text-180870673\" class=\"pix-highlighted-element text-left\"><div class=\"d-inline-block\" style=\"max-width:650px;\"><h1 class=\"pix-highlighted-items\" style=\"\" data-anim-type=\"\" data-anim-delay=\"\"><span class=\"\"><span class=\"pix-highlighted-text pix-highlight-item font-weight-normal  heading-font text-heading-default\">Comment configurer<\/span><\/span><\/br><span id=\"highlighted-text-180870673-1\" class=\"pix-highlight-bg align-middle2  elementor-repeater-item-91671f5 highlighted-text-180870673-1 animate-in\" data-anim-type=\"highlight-grow\" data-anim-delay=\"200\"><span class=\"pix-highlighted-text  pix-highlight-item font-weight-normal  font-weight-bold heading-font text-heading-default\">Joueur Ibo<\/span><\/span><\/h1><\/div><\/div>\t\t<\/div>\n\t\t\t\t<\/div>\n\t\t\t\t\t<\/div>\n\t\t<\/div>\n\t\t\t\t\t\t\t<\/div>\n\t\t<\/section>\n\t\t\t\t\t<\/div>\n\t\t<\/div>\n\t\t\t\t\t\t\t<\/div>\n\t\t<\/section>\n\t\t\t\t<section class=\"elementor-section elementor-top-section elementor-element elementor-element-0557c78 elementor-section-boxed elementor-section-height-default elementor-section-height-default\" data-id=\"0557c78\" data-element_type=\"section\">\n\t\t\t\t\t\t<div class=\"elementor-container elementor-column-gap-default\">\n\t\t\t\t\t<div class=\"elementor-column elementor-col-100 elementor-top-column elementor-element elementor-element-0893bca\" data-id=\"0893bca\" data-element_type=\"column\">\n\t\t\t<div class=\"elementor-widget-wrap elementor-element-populated\">\n\t\t\t\t\t\t\t\t<div class=\"elementor-element elementor-element-51ff1cf elementor-widget elementor-widget-text-editor\" data-id=\"51ff1cf\" data-element_type=\"widget\" data-widget_type=\"text-editor.default\">\n\t\t\t\t<div class=\"elementor-widget-container\">\n\t\t\t<style>\/*! elementor - v3.6.7 - 03-07-2022 *\/\n.elementor-widget-text-editor.elementor-drop-cap-view-stacked .elementor-drop-cap{background-color:#818a91;color:#fff}.elementor-widget-text-editor.elementor-drop-cap-view-framed .elementor-drop-cap{color:#818a91;border:3px solid;background-color:transparent}.elementor-widget-text-editor:not(.elementor-drop-cap-view-default) .elementor-drop-cap{margin-top:8px}.elementor-widget-text-editor:not(.elementor-drop-cap-view-default) .elementor-drop-cap-letter{width:1em;height:1em}.elementor-widget-text-editor .elementor-drop-cap{float:left;text-align:center;line-height:1;font-size:50px}.elementor-widget-text-editor .elementor-drop-cap-letter{display:inline-block}<\/style>\t\t\t\t<p><strong>Voici les \u00e9tapes \u00e0 suivre pour int\u00e9grer votre playlist ou abonnement IPTV sur IBO PLAYER :<\/strong><\/p><p>1 \u2013 Une fois l&#039;application install\u00e9e, lancez-la pour obtenir son adresse mac et sa cl\u00e9.<br \/>2 \u2013 Cliquez sur ce lien pour vous rendre sur le site de l&#039;application : <a href=\"https:\/\/iboplayer.com\/device\/login\" target=\"_blank\" rel=\"noopener\">https:\/\/iboplayer.com\/device\/login<\/a><br \/>3 \u2013 Entrez les informations affich\u00e9es sur votre TV dans les champs appropri\u00e9s (mac et Cl\u00e9) pour vous connecter \u00e0 votre application.<br \/><img loading=\"lazy\" decoding=\"async\" class=\"alignnone wp-image-5687 size-full\" src=\"https:\/\/support.iptv-nordic.com\/wp-content\/uploads\/2022\/10\/image-5-600x437-1.png\" alt=\"\" width=\"600\" height=\"437\" title=\"\" srcset=\"https:\/\/support.iptv-nordic.com\/wp-content\/uploads\/2022\/10\/image-5-600x437-1.png 600w, https:\/\/support.iptv-nordic.com\/wp-content\/uploads\/2022\/10\/image-5-600x437-1-300x219.png 300w, https:\/\/support.iptv-nordic.com\/wp-content\/uploads\/2022\/10\/image-5-600x437-1-16x12.png 16w\" sizes=\"auto, (max-width: 600px) 100vw, 600px\" \/><br \/>4 \u2013 Une fois connect\u00e9, vous avez deux m\u00e9thodes de configuration, soit avec le lien m3u (+Add Playlist) soit avec les d\u00e9tails des codes Xtream (+Add XC Playlist).<br \/><img loading=\"lazy\" decoding=\"async\" class=\"alignnone size-full wp-image-5688\" src=\"https:\/\/support.iptv-nordic.com\/wp-content\/uploads\/2022\/10\/image-6.png\" alt=\"\" width=\"1675\" height=\"723\" title=\"\" srcset=\"https:\/\/support.iptv-nordic.com\/wp-content\/uploads\/2022\/10\/image-6.png 1675w, https:\/\/support.iptv-nordic.com\/wp-content\/uploads\/2022\/10\/image-6-300x129.png 300w, https:\/\/support.iptv-nordic.com\/wp-content\/uploads\/2022\/10\/image-6-1024x442.png 1024w, https:\/\/support.iptv-nordic.com\/wp-content\/uploads\/2022\/10\/image-6-768x332.png 768w, https:\/\/support.iptv-nordic.com\/wp-content\/uploads\/2022\/10\/image-6-1536x663.png 1536w, https:\/\/support.iptv-nordic.com\/wp-content\/uploads\/2022\/10\/image-6-18x8.png 18w, https:\/\/support.iptv-nordic.com\/wp-content\/uploads\/2022\/10\/image-6-600x259.png 600w\" sizes=\"auto, (max-width: 1675px) 100vw, 1675px\" \/><br \/><br \/><strong>5 \u2013 Voici comment int\u00e9grer votre lien m3u si vous cliquez sur +Add Playlist<\/strong><br \/><img loading=\"lazy\" decoding=\"async\" class=\"alignnone size-full wp-image-5689\" src=\"https:\/\/support.iptv-nordic.com\/wp-content\/uploads\/2022\/10\/image-7.png\" alt=\"\" width=\"743\" height=\"884\" title=\"\" srcset=\"https:\/\/support.iptv-nordic.com\/wp-content\/uploads\/2022\/10\/image-7.png 743w, https:\/\/support.iptv-nordic.com\/wp-content\/uploads\/2022\/10\/image-7-252x300.png 252w, https:\/\/support.iptv-nordic.com\/wp-content\/uploads\/2022\/10\/image-7-10x12.png 10w, https:\/\/support.iptv-nordic.com\/wp-content\/uploads\/2022\/10\/image-7-600x714.png 600w\" sizes=\"auto, (max-width: 743px) 100vw, 743px\" \/><br \/><br \/><strong>Et voici comment utiliser les d\u00e9tails des codes Xtream\u00a0:<\/strong><br \/><img loading=\"lazy\" decoding=\"async\" class=\"alignnone size-full wp-image-5690\" src=\"https:\/\/support.iptv-nordic.com\/wp-content\/uploads\/2022\/10\/image-8.png\" alt=\"\" width=\"594\" height=\"872\" title=\"\" srcset=\"https:\/\/support.iptv-nordic.com\/wp-content\/uploads\/2022\/10\/image-8.png 594w, https:\/\/support.iptv-nordic.com\/wp-content\/uploads\/2022\/10\/image-8-204x300.png 204w, https:\/\/support.iptv-nordic.com\/wp-content\/uploads\/2022\/10\/image-8-8x12.png 8w\" sizes=\"auto, (max-width: 594px) 100vw, 594px\" \/><br \/><br \/>6 - Dans une derni\u00e8re \u00e9tape, il ne reste plus qu&#039;\u00e0 retourner sur votre t\u00e9l\u00e9viseur et red\u00e9marrer l&#039;application pour qu&#039;elle charge et affiche la liste avec le nom donn\u00e9 sur son site internet.<\/p>\t\t\t\t\t\t<\/div>\n\t\t\t\t<\/div>\n\t\t\t\t\t<\/div>\n\t\t<\/div>\n\t\t\t\t\t\t\t<\/div>\n\t\t<\/section>\n\t\t\t\t\t\t\t<\/div>","protected":false},"excerpt":{"rendered":"<p>Comment configurer Ibo Player Voici les \u00e9tapes \u00e0 suivre pour int\u00e9grer votre playlist ou abonnement IPTV sur IBO PLAYER : 1 \u2013 Une fois l&#039;application install\u00e9e, lancez-la pour obtenir son adresse mac et sa cl\u00e9. 2 \u2013 Cliquez dessus\u2026<\/p>","protected":false},"author":1,"featured_media":0,"parent":0,"menu_order":0,"comment_status":"closed","ping_status":"closed","template":"elementor_header_footer","meta":{"footnotes":""},"class_list":["post-5685","page","type-page","status-publish","hentry"],"_links":{"self":[{"href":"https:\/\/support.iptv-nordic.com\/fr\/wp-json\/wp\/v2\/pages\/5685","targetHints":{"allow":["GET"]}}],"collection":[{"href":"https:\/\/support.iptv-nordic.com\/fr\/wp-json\/wp\/v2\/pages"}],"about":[{"href":"https:\/\/support.iptv-nordic.com\/fr\/wp-json\/wp\/v2\/types\/page"}],"author":[{"embeddable":true,"href":"https:\/\/support.iptv-nordic.com\/fr\/wp-json\/wp\/v2\/users\/1"}],"replies":[{"embeddable":true,"href":"https:\/\/support.iptv-nordic.com\/fr\/wp-json\/wp\/v2\/comments?post=5685"}],"version-history":[{"count":7,"href":"https:\/\/support.iptv-nordic.com\/fr\/wp-json\/wp\/v2\/pages\/5685\/revisions"}],"predecessor-version":[{"id":5928,"href":"https:\/\/support.iptv-nordic.com\/fr\/wp-json\/wp\/v2\/pages\/5685\/revisions\/5928"}],"wp:attachment":[{"href":"https:\/\/support.iptv-nordic.com\/fr\/wp-json\/wp\/v2\/media?parent=5685"}],"curies":[{"name":"wp","href":"https:\/\/api.w.org\/{rel}","templated":true}]}}