{"id":5685,"date":"2022-10-22T09:43:08","date_gmt":"2022-10-22T09:43:08","guid":{"rendered":"https:\/\/support.iptv-nordic.com\/?page_id=5685"},"modified":"2024-08-27T12:06:38","modified_gmt":"2024-08-27T12:06:38","slug":"ibo-player","status":"publish","type":"page","link":"https:\/\/support.iptv-nordic.com\/is\/ibo-spilari\/","title":{"rendered":"IBO LEIKARINN"},"content":{"rendered":"<div data-elementor-type=\"wp-page\" data-elementor-id=\"5685\" class=\"elementor elementor-5685\">\n\t\t\t\t\t\t\t\t\t<section class=\"elementor-section elementor-top-section elementor-element elementor-element-a244338 elementor-section-height-min-height elementor-section-stretched elementor-section-boxed elementor-section-height-default elementor-section-items-middle\" data-id=\"a244338\" data-element_type=\"section\" data-settings=\"{&quot;stretch_section&quot;:&quot;section-stretched&quot;,&quot;background_background&quot;:&quot;classic&quot;,&quot;shape_divider_bottom&quot;:&quot;waves&quot;}\">\n\t\t\t\t\t<div class=\"elementor-shape elementor-shape-bottom\" data-negative=\"false\">\n\t\t\t<svg xmlns=\"http:\/\/www.w3.org\/2000\/svg\" viewbox=\"0 0 1000 100\" preserveaspectratio=\"none\">\n\t<path class=\"elementor-shape-fill\" d=\"M421.9,6.5c22.6-2.5,51.5,0.4,75.5,5.3c23.6,4.9,70.9,23.5,100.5,35.7c75.8,32.2,133.7,44.5,192.6,49.7\tc23.6,2.1,48.7,3.5,103.4-2.5c54.7-6,106.2-25.6,106.2-25.6V0H0v30.3c0,0,72,32.6,158.4,30.5c39.2-0.7,92.8-6.7,134-22.4\tc21.2-8.1,52.2-18.2,79.7-24.2C399.3,7.9,411.6,7.5,421.9,6.5z\"\/>\n<\/svg>\t\t<\/div>\n\t\t\t\t\t<div class=\"elementor-container elementor-column-gap-default\">\n\t\t\t\t\t<div class=\"elementor-column elementor-col-100 elementor-top-column elementor-element elementor-element-d5de313\" data-id=\"d5de313\" data-element_type=\"column\">\n\t\t\t<div class=\"elementor-widget-wrap elementor-element-populated\">\n\t\t\t\t\t\t\t\t<section class=\"elementor-section elementor-inner-section elementor-element elementor-element-aa3603b elementor-section-boxed elementor-section-height-default elementor-section-height-default\" data-id=\"aa3603b\" data-element_type=\"section\">\n\t\t\t\t\t\t<div class=\"elementor-container elementor-column-gap-default\">\n\t\t\t\t\t<div class=\"elementor-column elementor-col-100 elementor-inner-column elementor-element elementor-element-9c0a9fc\" data-id=\"9c0a9fc\" data-element_type=\"column\">\n\t\t\t<div class=\"elementor-widget-wrap elementor-element-populated\">\n\t\t\t\t\t\t\t\t<div class=\"elementor-element elementor-element-e14fada elementor-widget elementor-widget-pix-highlighted-text\" data-id=\"e14fada\" data-element_type=\"widget\" data-widget_type=\"pix-highlighted-text.default\">\n\t\t\t\t<div class=\"elementor-widget-container\">\n\t\t\t<div id=\"highlighted-text-31371029\" class=\"pix-highlighted-element text-left\"><div class=\"d-inline-block\" style=\"max-width:650px;\"><h1 class=\"pix-highlighted-items\" style=\"\" data-anim-type=\"\" data-anim-delay=\"\"><span class=\"\"><span class=\"pix-highlighted-text pix-highlight-item font-weight-normal  heading-font text-heading-default\">Hvernig \u00e1 a\u00f0 setja upp<\/span><\/span><\/br><span id=\"highlighted-text-31371029-1\" class=\"pix-highlight-bg align-middle2  elementor-repeater-item-91671f5 highlighted-text-31371029-1 animate-in\" data-anim-type=\"highlight-grow\" data-anim-delay=\"200\"><span class=\"pix-highlighted-text  pix-highlight-item font-weight-normal  font-weight-bold heading-font text-heading-default\">Ibo spilari<\/span><\/span><\/h1><\/div><\/div>\t\t<\/div>\n\t\t\t\t<\/div>\n\t\t\t\t\t<\/div>\n\t\t<\/div>\n\t\t\t\t\t\t\t<\/div>\n\t\t<\/section>\n\t\t\t\t\t<\/div>\n\t\t<\/div>\n\t\t\t\t\t\t\t<\/div>\n\t\t<\/section>\n\t\t\t\t<section class=\"elementor-section elementor-top-section elementor-element elementor-element-0557c78 elementor-section-boxed elementor-section-height-default elementor-section-height-default\" data-id=\"0557c78\" data-element_type=\"section\">\n\t\t\t\t\t\t<div class=\"elementor-container elementor-column-gap-default\">\n\t\t\t\t\t<div class=\"elementor-column elementor-col-100 elementor-top-column elementor-element elementor-element-0893bca\" data-id=\"0893bca\" data-element_type=\"column\">\n\t\t\t<div class=\"elementor-widget-wrap elementor-element-populated\">\n\t\t\t\t\t\t\t\t<div class=\"elementor-element elementor-element-51ff1cf elementor-widget elementor-widget-text-editor\" data-id=\"51ff1cf\" data-element_type=\"widget\" data-widget_type=\"text-editor.default\">\n\t\t\t\t<div class=\"elementor-widget-container\">\n\t\t\t<style>\/*! elementor - v3.6.7 - 03-07-2022 *\/\n.elementor-widget-text-editor.elementor-drop-cap-view-stacked .elementor-drop-cap{background-color:#818a91;color:#fff}.elementor-widget-text-editor.elementor-drop-cap-view-framed .elementor-drop-cap{color:#818a91;border:3px solid;background-color:transparent}.elementor-widget-text-editor:not(.elementor-drop-cap-view-default) .elementor-drop-cap{margin-top:8px}.elementor-widget-text-editor:not(.elementor-drop-cap-view-default) .elementor-drop-cap-letter{width:1em;height:1em}.elementor-widget-text-editor .elementor-drop-cap{float:left;text-align:center;line-height:1;font-size:50px}.elementor-widget-text-editor .elementor-drop-cap-letter{display:inline-block}<\/style>\t\t\t\t<p><strong>H\u00e9r eru skrefin til a\u00f0 fylgja til a\u00f0 sam\u00fe\u00e6tta lagalistann \u00feinn e\u00f0a IPTV \u00e1skrift \u00e1 IBO PLAYER:<\/strong><\/p><p>1 - \u00deegar forriti\u00f0 hefur veri\u00f0 sett upp skaltu r\u00e6sa \u00fea\u00f0 til a\u00f0 f\u00e1 Mac-t\u00f6lu \u00feess og lykil.<br \/>2 - Smelltu \u00e1 \u00feennan hlekk til a\u00f0 fara \u00e1 vefs\u00ed\u00f0u ums\u00f3knarinnar: <a href=\"https:\/\/iboplayer.com\/device\/login\" target=\"_blank\" rel=\"noopener\">https:\/\/iboplayer.com\/device\/login<\/a><br \/>3 \u2013 Sl\u00e1\u00f0u inn uppl\u00fdsingarnar sem birtast \u00e1 sj\u00f3nvarpinu \u00fe\u00ednu \u00ed vi\u00f0eigandi reiti (mac og Key) til a\u00f0 tengjast forritinu \u00fe\u00ednu.<br \/><img loading=\"lazy\" decoding=\"async\" class=\"alignnone wp-image-5687 size-full\" src=\"https:\/\/support.iptv-nordic.com\/wp-content\/uploads\/2022\/10\/image-5-600x437-1.png\" alt=\"\" width=\"600\" height=\"437\" title=\"\" srcset=\"https:\/\/support.iptv-nordic.com\/wp-content\/uploads\/2022\/10\/image-5-600x437-1.png 600w, https:\/\/support.iptv-nordic.com\/wp-content\/uploads\/2022\/10\/image-5-600x437-1-300x219.png 300w, https:\/\/support.iptv-nordic.com\/wp-content\/uploads\/2022\/10\/image-5-600x437-1-16x12.png 16w\" sizes=\"auto, (max-width: 600px) 100vw, 600px\" \/><br \/>4 - \u00deegar \u00fe\u00fa hefur tengst hefur\u00f0u tv\u00e6r uppsetningara\u00f0fer\u00f0ir, anna\u00f0 hvort me\u00f0 m3u hlekk (+B\u00e6ta vi\u00f0 spilunarlista) e\u00f0a me\u00f0 uppl\u00fdsingum um Xtream k\u00f3\u00f0a (+B\u00e6ta vi\u00f0 XC lagalista).<br \/><img loading=\"lazy\" decoding=\"async\" class=\"alignnone size-full wp-image-5688\" src=\"https:\/\/support.iptv-nordic.com\/wp-content\/uploads\/2022\/10\/image-6.png\" alt=\"\" width=\"1675\" height=\"723\" title=\"\" srcset=\"https:\/\/support.iptv-nordic.com\/wp-content\/uploads\/2022\/10\/image-6.png 1675w, https:\/\/support.iptv-nordic.com\/wp-content\/uploads\/2022\/10\/image-6-300x129.png 300w, https:\/\/support.iptv-nordic.com\/wp-content\/uploads\/2022\/10\/image-6-1024x442.png 1024w, https:\/\/support.iptv-nordic.com\/wp-content\/uploads\/2022\/10\/image-6-768x332.png 768w, https:\/\/support.iptv-nordic.com\/wp-content\/uploads\/2022\/10\/image-6-1536x663.png 1536w, https:\/\/support.iptv-nordic.com\/wp-content\/uploads\/2022\/10\/image-6-18x8.png 18w, https:\/\/support.iptv-nordic.com\/wp-content\/uploads\/2022\/10\/image-6-600x259.png 600w\" sizes=\"auto, (max-width: 1675px) 100vw, 1675px\" \/><br \/><br \/><strong>5 - H\u00e9r er hvernig \u00e1 a\u00f0 sam\u00fe\u00e6tta m3u tengilinn \u00feinn ef \u00fe\u00fa smellir \u00e1 +B\u00e6ta vi\u00f0 spilunarlista<\/strong><br \/><img loading=\"lazy\" decoding=\"async\" class=\"alignnone size-full wp-image-5689\" src=\"https:\/\/support.iptv-nordic.com\/wp-content\/uploads\/2022\/10\/image-7.png\" alt=\"\" width=\"743\" height=\"884\" title=\"\" srcset=\"https:\/\/support.iptv-nordic.com\/wp-content\/uploads\/2022\/10\/image-7.png 743w, https:\/\/support.iptv-nordic.com\/wp-content\/uploads\/2022\/10\/image-7-252x300.png 252w, https:\/\/support.iptv-nordic.com\/wp-content\/uploads\/2022\/10\/image-7-10x12.png 10w, https:\/\/support.iptv-nordic.com\/wp-content\/uploads\/2022\/10\/image-7-600x714.png 600w\" sizes=\"auto, (max-width: 743px) 100vw, 743px\" \/><br \/><br \/><strong>Og h\u00e9r er hvernig \u00e1 a\u00f0 nota Xtream k\u00f3\u00f0a uppl\u00fdsingar:<\/strong><br \/><img loading=\"lazy\" decoding=\"async\" class=\"alignnone size-full wp-image-5690\" src=\"https:\/\/support.iptv-nordic.com\/wp-content\/uploads\/2022\/10\/image-8.png\" alt=\"\" width=\"594\" height=\"872\" title=\"\" srcset=\"https:\/\/support.iptv-nordic.com\/wp-content\/uploads\/2022\/10\/image-8.png 594w, https:\/\/support.iptv-nordic.com\/wp-content\/uploads\/2022\/10\/image-8-204x300.png 204w, https:\/\/support.iptv-nordic.com\/wp-content\/uploads\/2022\/10\/image-8-8x12.png 8w\" sizes=\"auto, (max-width: 594px) 100vw, 594px\" \/><br \/><br \/>6 - Sem s\u00ed\u00f0asta skref er a\u00f0eins eftir a\u00f0 fara aftur \u00ed sj\u00f3nvarpi\u00f0 \u00feitt og endurr\u00e6sa appi\u00f0 \u00feannig a\u00f0 \u00fea\u00f0 hle\u00f0st og birtir listann me\u00f0 nafninu sem gefi\u00f0 er upp \u00e1 vefs\u00ed\u00f0u \u00feess.<\/p>\t\t\t\t\t\t<\/div>\n\t\t\t\t<\/div>\n\t\t\t\t\t<\/div>\n\t\t<\/div>\n\t\t\t\t\t\t\t<\/div>\n\t\t<\/section>\n\t\t\t\t\t\t\t<\/div>","protected":false},"excerpt":{"rendered":"<p>Hvernig \u00e1 a\u00f0 setja upp Ibo Player H\u00e9r eru skrefin sem \u00fearf a\u00f0 fylgja til a\u00f0 sam\u00fe\u00e6tta lagalistann \u00feinn e\u00f0a IPTV \u00e1skrift \u00e1 IBO PLAYER: 1 - \u00deegar forriti\u00f0 hefur veri\u00f0 sett upp skaltu r\u00e6sa \u00fea\u00f0 til a\u00f0 f\u00e1 Mac-t\u00f6lu \u00feess og lykil.2 - Smelltu \u00e1 \u00feetta...<\/p>","protected":false},"author":1,"featured_media":0,"parent":0,"menu_order":0,"comment_status":"closed","ping_status":"closed","template":"elementor_header_footer","meta":{"footnotes":""},"class_list":["post-5685","page","type-page","status-publish","hentry"],"_links":{"self":[{"href":"https:\/\/support.iptv-nordic.com\/is\/wp-json\/wp\/v2\/pages\/5685","targetHints":{"allow":["GET"]}}],"collection":[{"href":"https:\/\/support.iptv-nordic.com\/is\/wp-json\/wp\/v2\/pages"}],"about":[{"href":"https:\/\/support.iptv-nordic.com\/is\/wp-json\/wp\/v2\/types\/page"}],"author":[{"embeddable":true,"href":"https:\/\/support.iptv-nordic.com\/is\/wp-json\/wp\/v2\/users\/1"}],"replies":[{"embeddable":true,"href":"https:\/\/support.iptv-nordic.com\/is\/wp-json\/wp\/v2\/comments?post=5685"}],"version-history":[{"count":7,"href":"https:\/\/support.iptv-nordic.com\/is\/wp-json\/wp\/v2\/pages\/5685\/revisions"}],"predecessor-version":[{"id":5928,"href":"https:\/\/support.iptv-nordic.com\/is\/wp-json\/wp\/v2\/pages\/5685\/revisions\/5928"}],"wp:attachment":[{"href":"https:\/\/support.iptv-nordic.com\/is\/wp-json\/wp\/v2\/media?parent=5685"}],"curies":[{"name":"wp","href":"https:\/\/api.w.org\/{rel}","templated":true}]}}