{"id":5694,"date":"2022-10-22T09:52:58","date_gmt":"2022-10-22T09:52:58","guid":{"rendered":"https:\/\/support.iptv-nordic.com\/?page_id=5694"},"modified":"2024-08-27T12:05:36","modified_gmt":"2024-08-27T12:05:36","slug":"bay-tv","status":"publish","type":"page","link":"https:\/\/support.iptv-nordic.com\/is\/vik-sjonvarp\/","title":{"rendered":"BAY sj\u00f3nvarp"},"content":{"rendered":"<div data-elementor-type=\"wp-page\" data-elementor-id=\"5694\" class=\"elementor elementor-5694\">\n\t\t\t\t\t\t\t\t\t<section class=\"elementor-section elementor-top-section elementor-element elementor-element-a244338 elementor-section-height-min-height elementor-section-stretched elementor-section-boxed elementor-section-height-default elementor-section-items-middle\" data-id=\"a244338\" data-element_type=\"section\" data-settings=\"{&quot;stretch_section&quot;:&quot;section-stretched&quot;,&quot;background_background&quot;:&quot;classic&quot;,&quot;shape_divider_bottom&quot;:&quot;waves&quot;}\">\n\t\t\t\t\t<div class=\"elementor-shape elementor-shape-bottom\" data-negative=\"false\">\n\t\t\t<svg xmlns=\"http:\/\/www.w3.org\/2000\/svg\" viewbox=\"0 0 1000 100\" preserveaspectratio=\"none\">\n\t<path class=\"elementor-shape-fill\" d=\"M421.9,6.5c22.6-2.5,51.5,0.4,75.5,5.3c23.6,4.9,70.9,23.5,100.5,35.7c75.8,32.2,133.7,44.5,192.6,49.7\tc23.6,2.1,48.7,3.5,103.4-2.5c54.7-6,106.2-25.6,106.2-25.6V0H0v30.3c0,0,72,32.6,158.4,30.5c39.2-0.7,92.8-6.7,134-22.4\tc21.2-8.1,52.2-18.2,79.7-24.2C399.3,7.9,411.6,7.5,421.9,6.5z\"\/>\n<\/svg>\t\t<\/div>\n\t\t\t\t\t<div class=\"elementor-container elementor-column-gap-default\">\n\t\t\t\t\t<div class=\"elementor-column elementor-col-100 elementor-top-column elementor-element elementor-element-d5de313\" data-id=\"d5de313\" data-element_type=\"column\">\n\t\t\t<div class=\"elementor-widget-wrap elementor-element-populated\">\n\t\t\t\t\t\t\t\t<section class=\"elementor-section elementor-inner-section elementor-element elementor-element-aa3603b elementor-section-boxed elementor-section-height-default elementor-section-height-default\" data-id=\"aa3603b\" data-element_type=\"section\">\n\t\t\t\t\t\t<div class=\"elementor-container elementor-column-gap-default\">\n\t\t\t\t\t<div class=\"elementor-column elementor-col-100 elementor-inner-column elementor-element elementor-element-9c0a9fc\" data-id=\"9c0a9fc\" data-element_type=\"column\">\n\t\t\t<div class=\"elementor-widget-wrap elementor-element-populated\">\n\t\t\t\t\t\t\t\t<div class=\"elementor-element elementor-element-e14fada elementor-widget elementor-widget-pix-highlighted-text\" data-id=\"e14fada\" data-element_type=\"widget\" data-widget_type=\"pix-highlighted-text.default\">\n\t\t\t\t<div class=\"elementor-widget-container\">\n\t\t\t<div id=\"highlighted-text-41288429\" class=\"pix-highlighted-element text-left\"><div class=\"d-inline-block\" style=\"max-width:650px;\"><h1 class=\"pix-highlighted-items\" style=\"\" data-anim-type=\"\" data-anim-delay=\"\"><span class=\"\"><span class=\"pix-highlighted-text pix-highlight-item font-weight-normal  heading-font text-heading-default\">Hvernig \u00e1 a\u00f0 setja upp<\/span><\/span><\/br><span id=\"highlighted-text-41288429-1\" class=\"pix-highlight-bg align-middle2  elementor-repeater-item-91671f5 highlighted-text-41288429-1 animate-in\" data-anim-type=\"highlight-grow\" data-anim-delay=\"200\"><span class=\"pix-highlighted-text  pix-highlight-item font-weight-normal  font-weight-bold heading-font text-heading-default\">BAY sj\u00f3nvarp<\/span><\/span><\/h1><\/div><\/div>\t\t<\/div>\n\t\t\t\t<\/div>\n\t\t\t\t\t<\/div>\n\t\t<\/div>\n\t\t\t\t\t\t\t<\/div>\n\t\t<\/section>\n\t\t\t\t\t<\/div>\n\t\t<\/div>\n\t\t\t\t\t\t\t<\/div>\n\t\t<\/section>\n\t\t\t\t<section class=\"elementor-section elementor-top-section elementor-element elementor-element-0557c78 elementor-section-boxed elementor-section-height-default elementor-section-height-default\" data-id=\"0557c78\" data-element_type=\"section\">\n\t\t\t\t\t\t<div class=\"elementor-container elementor-column-gap-default\">\n\t\t\t\t\t<div class=\"elementor-column elementor-col-100 elementor-top-column elementor-element elementor-element-0893bca\" data-id=\"0893bca\" data-element_type=\"column\">\n\t\t\t<div class=\"elementor-widget-wrap elementor-element-populated\">\n\t\t\t\t\t\t\t\t<div class=\"elementor-element elementor-element-51ff1cf elementor-widget elementor-widget-text-editor\" data-id=\"51ff1cf\" data-element_type=\"widget\" data-widget_type=\"text-editor.default\">\n\t\t\t\t<div class=\"elementor-widget-container\">\n\t\t\t<style>\/*! elementor - v3.6.7 - 03-07-2022 *\/\n.elementor-widget-text-editor.elementor-drop-cap-view-stacked .elementor-drop-cap{background-color:#818a91;color:#fff}.elementor-widget-text-editor.elementor-drop-cap-view-framed .elementor-drop-cap{color:#818a91;border:3px solid;background-color:transparent}.elementor-widget-text-editor:not(.elementor-drop-cap-view-default) .elementor-drop-cap{margin-top:8px}.elementor-widget-text-editor:not(.elementor-drop-cap-view-default) .elementor-drop-cap-letter{width:1em;height:1em}.elementor-widget-text-editor .elementor-drop-cap{float:left;text-align:center;line-height:1;font-size:50px}.elementor-widget-text-editor .elementor-drop-cap-letter{display:inline-block}<\/style>\t\t\t\t<div class=\"elementor-element elementor-element-54dd513 elementor-widget elementor-widget-text-editor\" data-id=\"54dd513\" data-element_type=\"widget\" data-widget_type=\"text-editor.default\"><div class=\"elementor-widget-container\"><div class=\"elementor-text-editor elementor-clearfix\"><ol><li><span style=\"color: #000000;\">Leita\u00f0u a\u00f0 BAY TV forritinu \u00ed sj\u00f3nvarpsversluninni \u00feinni og \u00fdttu s\u00ed\u00f0an \u00e1 installing. S\u00ed\u00f0an f\u00f6rum vi\u00f0 \u00ed uppsetninguna.<\/span><\/li><li><span style=\"color: #000000;\">Eftir a\u00f0 BAY TV forriti\u00f0 hefur veri\u00f0 opna\u00f0 skaltu afrita MAC vistfangi\u00f0 sem birtist \u00e1 \u00fev\u00ed.<\/span><\/li><\/ol><\/div><\/div><\/div><div class=\"elementor-element elementor-element-62099e3 elementor-widget elementor-widget-image\" data-id=\"62099e3\" data-element_type=\"widget\" data-widget_type=\"image.default\"><div class=\"elementor-widget-container\"><div class=\"elementor-image\"><img loading=\"lazy\" decoding=\"async\" class=\"alignnone size-full wp-image-5699\" src=\"https:\/\/support.iptv-nordic.com\/wp-content\/uploads\/2022\/10\/Picture5.png\" alt=\"\" width=\"840\" height=\"319\" title=\"\" srcset=\"https:\/\/support.iptv-nordic.com\/wp-content\/uploads\/2022\/10\/Picture5.png 840w, https:\/\/support.iptv-nordic.com\/wp-content\/uploads\/2022\/10\/Picture5-300x114.png 300w, https:\/\/support.iptv-nordic.com\/wp-content\/uploads\/2022\/10\/Picture5-768x292.png 768w, https:\/\/support.iptv-nordic.com\/wp-content\/uploads\/2022\/10\/Picture5-18x7.png 18w, https:\/\/support.iptv-nordic.com\/wp-content\/uploads\/2022\/10\/Picture5-600x228.png 600w\" sizes=\"auto, (max-width: 840px) 100vw, 840px\" \/><\/div><\/div><\/div><div class=\"elementor-element elementor-element-65aad91 elementor-widget elementor-widget-text-editor\" data-id=\"65aad91\" data-element_type=\"widget\" data-widget_type=\"text-editor.default\"><div class=\"elementor-widget-container\"><div class=\"elementor-text-editor elementor-clearfix\"><p><span style=\"color: #000000;\">3. Opna\u00f0u ums\u00f3knars\u00ed\u00f0una \u201d\u00a0<a style=\"color: #000000;\" href=\"https:\/\/bayip.tv\/\" target=\"_blank\" rel=\"noopener\">https:\/\/bayip.tv<\/a>\u00a0\u201d<\/span><\/p><p><span style=\"color: #000000;\">4. Pikka\u00f0u \u00e1 \u201eUPLOAD\u201c sem birtist \u00e1 vefs\u00ed\u00f0uvalmyndinni.<\/span><\/p><\/div><\/div><\/div><div class=\"elementor-element elementor-element-e64b2d2 elementor-widget elementor-widget-image\" data-id=\"e64b2d2\" data-element_type=\"widget\" data-widget_type=\"image.default\"><div class=\"elementor-widget-container\"><div class=\"elementor-image\"><img loading=\"lazy\" decoding=\"async\" class=\"alignnone wp-image-5896 size-full\" src=\"https:\/\/support.iptv-nordic.com\/wp-content\/uploads\/2024\/08\/Picture6.png\" alt=\"\" width=\"1180\" height=\"553\" title=\"\" srcset=\"https:\/\/support.iptv-nordic.com\/wp-content\/uploads\/2024\/08\/Picture6.png 1180w, https:\/\/support.iptv-nordic.com\/wp-content\/uploads\/2024\/08\/Picture6-300x141.png 300w, https:\/\/support.iptv-nordic.com\/wp-content\/uploads\/2024\/08\/Picture6-1024x480.png 1024w, https:\/\/support.iptv-nordic.com\/wp-content\/uploads\/2024\/08\/Picture6-768x360.png 768w, https:\/\/support.iptv-nordic.com\/wp-content\/uploads\/2024\/08\/Picture6-18x8.png 18w, https:\/\/support.iptv-nordic.com\/wp-content\/uploads\/2024\/08\/Picture6-600x281.png 600w, https:\/\/support.iptv-nordic.com\/wp-content\/uploads\/2024\/08\/Picture6-150x70.png 150w\" sizes=\"auto, (max-width: 1180px) 100vw, 1180px\" \/><\/div><\/div><\/div><div class=\"elementor-element elementor-element-e7706a9 elementor-widget elementor-widget-text-editor\" data-id=\"e7706a9\" data-element_type=\"widget\" data-widget_type=\"text-editor.default\"><div class=\"elementor-widget-container\"><div class=\"elementor-text-editor elementor-clearfix\"><p><span style=\"color: #000000;\">5. \u00de\u00fa munt hafa \u00ferj\u00e1 reiti til a\u00f0 fylla \u00fat:<\/span><\/p><\/div><\/div><\/div><div class=\"elementor-element elementor-element-8791a8c elementor-widget elementor-widget-image\" data-id=\"8791a8c\" data-element_type=\"widget\" data-widget_type=\"image.default\"><div class=\"elementor-widget-container\"><div class=\"elementor-image\"><img loading=\"lazy\" decoding=\"async\" class=\"alignnone wp-image-5900 size-full\" src=\"https:\/\/support.iptv-nordic.com\/wp-content\/uploads\/2024\/08\/Picture7.png\" alt=\"\" width=\"611\" height=\"445\" title=\"\" srcset=\"https:\/\/support.iptv-nordic.com\/wp-content\/uploads\/2024\/08\/Picture7.png 611w, https:\/\/support.iptv-nordic.com\/wp-content\/uploads\/2024\/08\/Picture7-300x218.png 300w, https:\/\/support.iptv-nordic.com\/wp-content\/uploads\/2024\/08\/Picture7-16x12.png 16w, https:\/\/support.iptv-nordic.com\/wp-content\/uploads\/2024\/08\/Picture7-600x437.png 600w, https:\/\/support.iptv-nordic.com\/wp-content\/uploads\/2024\/08\/Picture7-150x109.png 150w\" sizes=\"auto, (max-width: 611px) 100vw, 611px\" \/><\/div><\/div><\/div><div class=\"elementor-element elementor-element-73c5ae0 elementor-widget elementor-widget-text-editor\" data-id=\"73c5ae0\" data-element_type=\"widget\" data-widget_type=\"text-editor.default\"><div class=\"elementor-widget-container\"><div class=\"elementor-text-editor elementor-clearfix\"><p><span style=\"color: #000000;\">5.1: Sl\u00e1\u00f0u inn mac vistfangi\u00f0 \u00feitt sem \u00fe\u00fa afrita\u00f0ir \u00e1 sj\u00f3nvarpi\u00f0 \u00feitt.<\/span><\/p><p><span style=\"color: #000000;\">5.2: Sl\u00e1\u00f0u inn nafn a\u00f0 eigin vali.<\/span><\/p><p><span style=\"color: #000000;\">5.3: Settu hlekkinn \u00e1 spilunarlistann \u00feinn (M3U).<\/span><\/p><p><span style=\"color: #000000;\">6. Smelltu svo \u00e1 \u201e\u00c9g er ekki v\u00e9lmenni\u201c og \u00fdttu \u00e1 \u201eSenda\u201c<\/span><\/p><p><span style=\"color: #000000;\">7. A\u00f0 lokum, endurr\u00e6stu BAY TV forriti\u00f0 og \u00fe\u00fa ver\u00f0ur a\u00f0 hafa nafni\u00f0 \u00e1 lagalistanum \u00fe\u00ednum og n\u00fa er kominn t\u00edmi til a\u00f0 n\u00fdta\u00a0<a style=\"color: #000000;\" href=\"https:\/\/firau.com\/pricing.html\" target=\"_blank\" rel=\"noopener\"><u>IPTV \u00e1skrift<\/u><\/a>.<\/span><\/p><\/div><\/div><\/div>\t\t\t\t\t\t<\/div>\n\t\t\t\t<\/div>\n\t\t\t\t\t<\/div>\n\t\t<\/div>\n\t\t\t\t\t\t\t<\/div>\n\t\t<\/section>\n\t\t\t\t\t\t\t<\/div>","protected":false},"excerpt":{"rendered":"<p>Hvernig \u00e1 a\u00f0 setja upp BAY TV Leita\u00f0u a\u00f0 BAY TV forritinu \u00ed sj\u00f3nvarpsversluninni \u00feinni og \u00fdttu s\u00ed\u00f0an \u00e1 installing. S\u00ed\u00f0an f\u00f6rum vi\u00f0 \u00ed uppsetninguna. Eftir a\u00f0 BAY TV forriti\u00f0 hefur veri\u00f0 opna\u00f0 skaltu afrita MAC vistfangi\u00f0 sem birtist \u00e1 \u00fev\u00ed. 3. Opna\u00f0u forriti\u00f0...<\/p>","protected":false},"author":1,"featured_media":0,"parent":0,"menu_order":0,"comment_status":"closed","ping_status":"closed","template":"elementor_header_footer","meta":{"footnotes":""},"class_list":["post-5694","page","type-page","status-publish","hentry"],"_links":{"self":[{"href":"https:\/\/support.iptv-nordic.com\/is\/wp-json\/wp\/v2\/pages\/5694","targetHints":{"allow":["GET"]}}],"collection":[{"href":"https:\/\/support.iptv-nordic.com\/is\/wp-json\/wp\/v2\/pages"}],"about":[{"href":"https:\/\/support.iptv-nordic.com\/is\/wp-json\/wp\/v2\/types\/page"}],"author":[{"embeddable":true,"href":"https:\/\/support.iptv-nordic.com\/is\/wp-json\/wp\/v2\/users\/1"}],"replies":[{"embeddable":true,"href":"https:\/\/support.iptv-nordic.com\/is\/wp-json\/wp\/v2\/comments?post=5694"}],"version-history":[{"count":19,"href":"https:\/\/support.iptv-nordic.com\/is\/wp-json\/wp\/v2\/pages\/5694\/revisions"}],"predecessor-version":[{"id":5910,"href":"https:\/\/support.iptv-nordic.com\/is\/wp-json\/wp\/v2\/pages\/5694\/revisions\/5910"}],"wp:attachment":[{"href":"https:\/\/support.iptv-nordic.com\/is\/wp-json\/wp\/v2\/media?parent=5694"}],"curies":[{"name":"wp","href":"https:\/\/api.w.org\/{rel}","templated":true}]}}