{"id":4066,"date":"2020-11-17T22:54:32","date_gmt":"2020-11-17T22:54:32","guid":{"rendered":"https:\/\/megapack.pixfort.com\/seo-elementor\/?page_id=4066"},"modified":"2024-08-27T12:05:53","modified_gmt":"2024-08-27T12:05:53","slug":"contact-us","status":"publish","type":"page","link":"https:\/\/support.iptv-nordic.com\/nb\/kontakt-oss\/","title":{"rendered":"Kontakt oss"},"content":{"rendered":"<div data-elementor-type=\"wp-page\" data-elementor-id=\"4066\" class=\"elementor elementor-4066\">\n\t\t\t\t\t\t\t\t\t<section class=\"elementor-section elementor-top-section elementor-element elementor-element-dbff300 elementor-section-stretched elementor-section-height-min-height elementor-section-boxed elementor-section-height-default elementor-section-items-middle\" data-id=\"dbff300\" data-element_type=\"section\" data-settings=\"{&quot;stretch_section&quot;:&quot;section-stretched&quot;,&quot;background_background&quot;:&quot;classic&quot;,&quot;shape_divider_bottom&quot;:&quot;waves&quot;}\">\n\t\t\t\t\t<div class=\"elementor-shape elementor-shape-bottom\" data-negative=\"false\">\n\t\t\t<svg xmlns=\"http:\/\/www.w3.org\/2000\/svg\" viewbox=\"0 0 1000 100\" preserveaspectratio=\"none\">\n\t<path class=\"elementor-shape-fill\" d=\"M421.9,6.5c22.6-2.5,51.5,0.4,75.5,5.3c23.6,4.9,70.9,23.5,100.5,35.7c75.8,32.2,133.7,44.5,192.6,49.7\tc23.6,2.1,48.7,3.5,103.4-2.5c54.7-6,106.2-25.6,106.2-25.6V0H0v30.3c0,0,72,32.6,158.4,30.5c39.2-0.7,92.8-6.7,134-22.4\tc21.2-8.1,52.2-18.2,79.7-24.2C399.3,7.9,411.6,7.5,421.9,6.5z\"\/>\n<\/svg>\t\t<\/div>\n\t\t\t\t\t<div class=\"elementor-container elementor-column-gap-default\">\n\t\t\t\t\t<div class=\"elementor-column elementor-col-100 elementor-top-column elementor-element elementor-element-7fd5d1a\" data-id=\"7fd5d1a\" data-element_type=\"column\">\n\t\t\t<div class=\"elementor-widget-wrap elementor-element-populated\">\n\t\t\t\t\t\t\t\t<div class=\"elementor-element elementor-element-8552f42 elementor-widget elementor-widget-pix-highlighted-text\" data-id=\"8552f42\" data-element_type=\"widget\" data-widget_type=\"pix-highlighted-text.default\">\n\t\t\t\t<div class=\"elementor-widget-container\">\n\t\t\t<div id=\"highlighted-text-82419590\" class=\"pix-highlighted-element text-center\"><h1 class=\"pix-highlighted-items\" style=\"\" data-anim-type=\"\" data-anim-delay=\"\"><span class=\"\"><span class=\"pix-highlighted-text pix-highlight-item font-weight-normal  body-font text-heading-default\">Oppholde seg <\/span><\/span><span id=\"highlighted-text-82419590-1\" class=\"pix-highlight-bg align-middle2  elementor-repeater-item-0b9de89 highlighted-text-82419590-1 animate-in\" data-anim-type=\"highlight-grow\" data-anim-delay=\"200\"><span class=\"pix-highlighted-text  pix-highlight-item font-weight-normal  font-weight-bold heading-font text-heading-default\">i kontakt<\/span><\/span><span class=\"\"><span class=\"pix-highlighted-text pix-highlight-item font-weight-normal  body-font text-heading-default\"> med oss<\/span><\/span><\/h1><\/div>\t\t<\/div>\n\t\t\t\t<\/div>\n\t\t\t\t<div class=\"elementor-element elementor-element-303f317 elementor-invisible elementor-widget elementor-widget-pix-text\" data-id=\"303f317\" data-element_type=\"widget\" data-widget_type=\"pix-text.default\">\n\t\t\t\t<div class=\"elementor-widget-container\">\n\t\t\t<div class=\"pix-el-text w-100 text-center\" ><div class=\"d-inline-block\" style=\"max-width:600px;\"><p class=\"text-20  text-body-default text-center\" ><span class=\"text-body-default animate-in d-inline-block\" data-anim-delay=\"100\" data-anim-type=\"fade-in-up\">V\u00e5re erfarne IPTV-eksperter hjelper deg gjerne med \u00e5 ta den riktige avgj\u00f8relsen.\n\n<\/span><\/p><\/div><\/div>\t\t<\/div>\n\t\t\t\t<\/div>\n\t\t\t\t<div class=\"elementor-element elementor-element-94db483 elementor-invisible elementor-widget elementor-widget-pix-circles\" data-id=\"94db483\" data-element_type=\"widget\" data-widget_type=\"pix-circles.default\">\n\t\t\t\t<div class=\"elementor-widget-container\">\n\t\t\t<div class=\"d-inline-block2 d-flex flex-column flex-sm-row w-100 text-center2 align-items-center2 justify-content-center justify-content-sm-center\"><div class=\"pix-sm-circles d-inline-flex align-items-center align-middle justify-content-center justify-content-sm-center\"><a class=\"align-middle circle-item pix-mr-5 pix-bg-custom animate-in shadow\" data-anim-type=\"fade-in-left\" data-anim-delay=\"1000\"  href=\"#\"  data-toggle=\"tooltip\" data-placement=\"bottom\" title=\"\u00d8ko\"><img decoding=\"async\" src=\"https:\/\/support.iptv-nordic.com\/wp-content\/uploads\/2020\/11\/circle-3-1.png\" srcset=\"https:\/\/support.iptv-nordic.com\/wp-content\/uploads\/2020\/11\/circle-3-1.png 80w, https:\/\/support.iptv-nordic.com\/wp-content\/uploads\/2020\/11\/circle-3-1-75x75.png 75w\" sizes=\"auto, (max-width: 80px) 100vw, 80px\" width=\"60\" height=\"60\" class=\"rounded-circle bg-white\" loading=\"lazy\" alt=\"\" title=\"\"><\/a><a class=\"align-middle circle-item pix-mr-5 pix-bg-custom animate-in shadow\" data-anim-type=\"fade-in-left\" data-anim-delay=\"1100\"  href=\"#\"  data-toggle=\"tooltip\" data-placement=\"bottom\" title=\"Nettbutikk\"><img decoding=\"async\" src=\"https:\/\/support.iptv-nordic.com\/wp-content\/uploads\/2020\/11\/circle-2-1.png\" srcset=\"https:\/\/support.iptv-nordic.com\/wp-content\/uploads\/2020\/11\/circle-2-1.png 80w, https:\/\/support.iptv-nordic.com\/wp-content\/uploads\/2020\/11\/circle-2-1-75x75.png 75w\" sizes=\"auto, (max-width: 80px) 100vw, 80px\" width=\"60\" height=\"60\" class=\"rounded-circle bg-white\" loading=\"lazy\" alt=\"\" title=\"\"><\/a><a class=\"align-middle circle-item pix-mr-5 pix-bg-custom animate-in shadow\" data-anim-type=\"fade-in-left\" data-anim-delay=\"1200\"  href=\"#\"  data-toggle=\"tooltip\" data-placement=\"bottom\" title=\"Verdensomspennende\"><img decoding=\"async\" src=\"https:\/\/support.iptv-nordic.com\/wp-content\/uploads\/2020\/11\/circle-1-1.png\" srcset=\"https:\/\/support.iptv-nordic.com\/wp-content\/uploads\/2020\/11\/circle-1-1.png 80w, https:\/\/support.iptv-nordic.com\/wp-content\/uploads\/2020\/11\/circle-1-1-75x75.png 75w\" sizes=\"auto, (max-width: 80px) 100vw, 80px\" width=\"60\" height=\"60\" class=\"rounded-circle bg-white\" loading=\"lazy\" alt=\"\" title=\"\"><\/a><\/div><div class=\"pix-ml-5 align-items-center align-items-center d-flex pt-md-0 pt-3 justify-content-center justify-content-sm-center\"><a  href=\"https:\/\/www.iptv-nordic.com\/no\/prissetting.html\" class=\"btn m-0     text-dark-opacity-8 btn-link text-dark-opacity-5 d-inline-block pix-hover-item       animate-in btn-md\"   data-anim-type=\"fade-in-left\" data-anim-delay=\"1300\" ><span class=\"font-weight-bold\" >Bestill n\u00e5<\/span> <i class=\"font-weight-bold pixicon-angle-right  pix-hover-right  ml-1\"><\/i><\/a><\/div><\/div>\t\t<\/div>\n\t\t\t\t<\/div>\n\t\t\t\t\t<\/div>\n\t\t<\/div>\n\t\t\t\t\t\t\t<\/div>\n\t\t<\/section>\n\t\t\t\t<section class=\"elementor-section elementor-top-section elementor-element elementor-element-d808274 elementor-section-stretched elementor-section-boxed elementor-section-height-default elementor-section-height-default\" data-id=\"d808274\" data-element_type=\"section\" data-settings=\"{&quot;stretch_section&quot;:&quot;section-stretched&quot;}\">\n\t\t\t\t\t\t<div class=\"elementor-container elementor-column-gap-default\">\n\t\t\t\t\t<div class=\"elementor-column elementor-col-50 elementor-top-column elementor-element elementor-element-f8cecea\" data-id=\"f8cecea\" data-element_type=\"column\">\n\t\t\t<div class=\"elementor-widget-wrap elementor-element-populated\">\n\t\t\t\t\t\t\t\t<div class=\"elementor-element elementor-element-50155b9 elementor-widget elementor-widget-pix-highlighted-text\" data-id=\"50155b9\" data-element_type=\"widget\" data-widget_type=\"pix-highlighted-text.default\">\n\t\t\t\t<div class=\"elementor-widget-container\">\n\t\t\t<div id=\"highlighted-text-25700060\" class=\"pix-highlighted-element text-left\"><h3 class=\"pix-highlighted-items\" style=\"\" data-anim-type=\"\" data-anim-delay=\"\"><span id=\"highlighted-text-25700060-0\" class=\"pix-highlight-bg align-middle2  elementor-repeater-item-2a71e03 highlighted-text-25700060-0 animate-in\" data-anim-type=\"highlight-grow\" data-anim-delay=\"200\"><span class=\"pix-highlighted-text  pix-highlight-item font-weight-normal  font-weight-bold heading-font text-heading-default\">Ofte<\/span><\/span><span class=\"\"><span class=\"pix-highlighted-text pix-highlight-item font-weight-normal  body-font text-heading-default\"> stilte sp\u00f8rsm\u00e5l<\/span><\/span><\/h3><\/div>\t\t<\/div>\n\t\t\t\t<\/div>\n\t\t\t\t<div class=\"elementor-element elementor-element-d83291b elementor-invisible elementor-widget elementor-widget-pix-text\" data-id=\"d83291b\" data-element_type=\"widget\" data-widget_type=\"pix-text.default\">\n\t\t\t\t<div class=\"elementor-widget-container\">\n\t\t\t<div class=\"pix-el-text w-100 text-left\" ><div class=\"d-inline-block\" style=\"max-width:600px;\"><p class=\"text-20  text-body-default text-left\" ><span class=\"text-body-default animate-in d-inline-block\" data-anim-delay=\"100\" data-anim-type=\"fade-in-up\">F\u00f8r du sender oss en melding, anbefaler vi \u00e5 se gjennom hjelpedelen v\u00e5r.\n\n<\/span><\/p><\/div><\/div>\t\t<\/div>\n\t\t\t\t<\/div>\n\t\t\t\t<div class=\"elementor-element elementor-element-ca5af31 elementor-widget elementor-widget-pix-accordion\" data-id=\"ca5af31\" data-element_type=\"widget\" data-widget_type=\"pix-accordion.default\">\n\t\t\t\t<div class=\"elementor-widget-container\">\n\t\t\t<div class=\"accordion w-100 accordion-card bg-white2 rounded-lg2\" id=\"accordion-1880763\"><div class=\"card\">\n               <div class=\"card-header pix-mb-10 shadow-sm rounded-lg bg-white\" id=\"headingpix-tab-7246738\" >\n                   <button class=\"btn btn-link text-left\" type=\"button\" data-toggle=\"collapse\" data-target=\"#collapsepix-tab-7246738\" aria-expanded=\"true\" aria-controls=\"collapsepix-tab-7246738\"><span class=\"d-inline-block text-primary svg-20 pix-mr-10\"><svg width=\"100%\" height=\"100%\" viewbox=\"0 0 24 24\" version=\"1.1\" xmlns=\"http:\/\/www.w3.org\/2000\/svg\" xmlns:xlink=\"http:\/\/www.w3.org\/1999\/xlink\"> <defs><\/defs> <g stroke=\"none\" stroke-width=\"1\" fill=\"none\" fill-rule=\"evenodd\"> <path d=\"M8,3 L8,3.5 C8,4.32842712 8.67157288,5 9.5,5 L14.5,5 C15.3284271,5 16,4.32842712 16,3.5 L16,3 L18,3 C19.1045695,3 20,3.8954305 20,5 L20,21 C20,22.1045695 19.1045695,23 18,23 L6,23 C4.8954305,23 4,22.1045695 4,21 L4,5 C4,3.8954305 4.8954305,3 6,3 L8,3 Z\" fill=\"#000000\" opacity=\"0.3\"><\/path> <path d=\"M10.875,15.75 C10.6354167,15.75 10.3958333,15.6541667 10.2041667,15.4625 L8.2875,13.5458333 C7.90416667,13.1625 7.90416667,12.5875 8.2875,12.2041667 C8.67083333,11.8208333 9.29375,11.8208333 9.62916667,12.2041667 L10.875,13.45 L14.0375,10.2875 C14.4208333,9.90416667 14.9958333,9.90416667 15.3791667,10.2875 C15.7625,10.6708333 15.7625,11.2458333 15.3791667,11.6291667 L11.5458333,15.4625 C11.3541667,15.6541667 11.1145833,15.75 10.875,15.75 Z\" fill=\"#000000\"><\/path> <path d=\"M11,2 C11,1.44771525 11.4477153,1 12,1 C12.5522847,1 13,1.44771525 13,2 L14.5,2 C14.7761424,2 15,2.22385763 15,2.5 L15,3.5 C15,3.77614237 14.7761424,4 14.5,4 L9.5,4 C9.22385763,4 9,3.77614237 9,3.5 L9,2.5 C9,2.22385763 9.22385763,2 9.5,2 L11,2 Z\" fill=\"#000000\"><\/path> <\/g> <\/svg><\/span><span class=\"font-weight-bold text-heading-default\" >Kan jeg f\u00e5 en testlinje?<\/span><\/button>\n               <\/div>\n\n               <div id=\"collapsepix-tab-7246738\" class=\"collapse show\" aria-labelledby=\"headingpix-tab-7246738\">\n                 <div class=\"card-body\">\n                     <p>Ja! Vi tilbyr 24 timers testlinje. Send oss en melding herfra eller i live chat, s\u00e5 kommer vi tilbake til deg s\u00e5 snart som mulig med en gratis 24 timers testlinje.<\/p>\n                 <\/div>\n               <\/div>\n             <\/div><div class=\"card\">\n               <div class=\"card-header pix-mb-10 shadow-sm rounded-lg bg-white\" id=\"headingpix-tab-3819777\" >\n                   <button class=\"btn btn-link text-left\" type=\"button\" data-toggle=\"collapse\" data-target=\"#collapsepix-tab-3819777\" aria-expanded=\"true\" aria-controls=\"collapsepix-tab-3819777\"><span class=\"d-inline-block text-primary svg-20 pix-mr-10\"><svg width=\"100%\" height=\"100%\" viewbox=\"0 0 24 24\" version=\"1.1\" xmlns=\"http:\/\/www.w3.org\/2000\/svg\" xmlns:xlink=\"http:\/\/www.w3.org\/1999\/xlink\"> <defs><\/defs> <g stroke=\"none\" stroke-width=\"1\" fill=\"none\" fill-rule=\"evenodd\"> <path d=\"M4.00246329,12.2004927 L13,14 L13,4.06189375 C16.9463116,4.55399184 20,7.92038235 20,12 C20,16.418278 16.418278,20 12,20 C7.64874861,20 4.10886412,16.5261253 4.00246329,12.2004927 Z\" fill=\"#000000\" opacity=\"0.3\"><\/path> <path d=\"M3.0603968,10.0120794 C3.54712466,6.05992157 6.91622084,3 11,3 L11,11.6 L3.0603968,10.0120794 Z\" fill=\"#000000\"><\/path> <\/g> <\/svg><\/span><span class=\"font-weight-bold text-heading-default\" >Hvor kan jeg se kanallisten?<\/span><\/button>\n               <\/div>\n\n               <div id=\"collapsepix-tab-3819777\" class=\"collapse\" aria-labelledby=\"headingpix-tab-3819777\">\n                 <div class=\"card-body\">\n                     <p>Du kan se kanallisten direkte ved \u00e5 klikke p\u00e5 lenken i hovedmenyen, eller ganske enkelt ved \u00e5 klikke <a href=\"https:\/\/www.iptv-nordic.com\/no\/Kanalliste.html\">her<\/a><\/p>\n                 <\/div>\n               <\/div>\n             <\/div><div class=\"card\">\n               <div class=\"card-header pix-mb-10 shadow-sm rounded-lg bg-white\" id=\"headingpix-tab-87688\" >\n                   <button class=\"btn btn-link text-left\" type=\"button\" data-toggle=\"collapse\" data-target=\"#collapsepix-tab-87688\" aria-expanded=\"true\" aria-controls=\"collapsepix-tab-87688\"><span class=\"d-inline-block text-primary svg-20 pix-mr-10\"><svg width=\"100%\" height=\"100%\" viewbox=\"0 0 24 24\" version=\"1.1\" xmlns=\"http:\/\/www.w3.org\/2000\/svg\" xmlns:xlink=\"http:\/\/www.w3.org\/1999\/xlink\"> <defs><\/defs> <g stroke=\"none\" stroke-width=\"1\" fill=\"none\" fill-rule=\"evenodd\"> <path d=\"M5.5,4 L18.5,4 C19.3284271,4 20,4.67157288 20,5.5 L20,9.5 C20,10.3284271 19.3284271,11 18.5,11 L5.5,11 C4.67157288,11 4,10.3284271 4,9.5 L4,5.5 C4,4.67157288 4.67157288,4 5.5,4 Z M11,6 C10.4477153,6 10,6.44771525 10,7 C10,7.55228475 10.4477153,8 11,8 L13,8 C13.5522847,8 14,7.55228475 14,7 C14,6.44771525 13.5522847,6 13,6 L11,6 Z\" fill=\"#000000\" opacity=\"0.3\"><\/path> <path d=\"M5.5,13 L18.5,13 C19.3284271,13 20,13.6715729 20,14.5 L20,18.5 C20,19.3284271 19.3284271,20 18.5,20 L5.5,20 C4.67157288,20 4,19.3284271 4,18.5 L4,14.5 C4,13.6715729 4.67157288,13 5.5,13 Z M11,15 C10.4477153,15 10,15.4477153 10,16 C10,16.5522847 10.4477153,17 11,17 L13,17 C13.5522847,17 14,16.5522847 14,16 C14,15.4477153 13.5522847,15 13,15 L11,15 Z\" fill=\"#000000\"><\/path> <\/g> <\/svg><\/span><span class=\"font-weight-bold text-heading-default\" >Hvilken app eller enhet anbefaler du?<\/span><\/button>\n               <\/div>\n\n               <div id=\"collapsepix-tab-87688\" class=\"collapse\" aria-labelledby=\"headingpix-tab-87688\">\n                 <div class=\"card-body\">\n                     <p>Vi anbefaler \u00e5 bruke en Android-boks, for eksempel en Xiaomi Mi TV Box eller en Formuler Z8 Pro. Begge enhetene er avanserte produkter. Vi anbefaler \u00e5 bruke den interne MyTVOnline-appen p\u00e5 Formuler.\u00a0<\/p>\n                 <\/div>\n               <\/div>\n             <\/div><div class=\"card\">\n               <div class=\"card-header pix-mb-10 shadow-sm rounded-lg bg-white\" id=\"headingpix-tab-9005154\" >\n                   <button class=\"btn btn-link text-left\" type=\"button\" data-toggle=\"collapse\" data-target=\"#collapsepix-tab-9005154\" aria-expanded=\"true\" aria-controls=\"collapsepix-tab-9005154\"><span class=\"d-inline-block text-primary svg-20 pix-mr-10\"><svg width=\"100%\" height=\"100%\" viewbox=\"0 0 24 24\" version=\"1.1\" xmlns=\"http:\/\/www.w3.org\/2000\/svg\" xmlns:xlink=\"http:\/\/www.w3.org\/1999\/xlink\"> <defs><\/defs> <g stroke=\"none\" stroke-width=\"1\" fill=\"none\" fill-rule=\"evenodd\"> <path d=\"M16.4508979,17.4029496 L15.1784978,15.8599014 C16.324501,14.9149052 17,13.5137472 17,12 C17,10.4912085 16.3289582,9.09418404 15.1893841,8.14910121 L16.466112,6.60963188 C18.0590936,7.93073905 19,9.88958759 19,12 C19,14.1173586 18.0528606,16.0819686 16.4508979,17.4029496 Z M19.0211112,20.4681628 L17.7438102,18.929169 C19.7927036,17.2286725 21,14.7140097 21,12 C21,9.28974232 19.7960666,6.77820732 17.7520315,5.07766256 L19.031149,3.54017812 C21.5271817,5.61676443 23,8.68922234 23,12 C23,15.3153667 21.523074,18.3916375 19.0211112,20.4681628 Z M7.54910207,17.4029496 C5.94713944,16.0819686 5,14.1173586 5,12 C5,9.88958759 5.94090645,7.93073905 7.53388797,6.60963188 L8.81061588,8.14910121 C7.67104182,9.09418404 7,10.4912085 7,12 C7,13.5137472 7.67549895,14.9149052 8.82150222,15.8599014 L7.54910207,17.4029496 Z M4.9788888,20.4681628 C2.47692603,18.3916375 1,15.3153667 1,12 C1,8.68922234 2.47281829,5.61676443 4.96885102,3.54017812 L6.24796852,5.07766256 C4.20393339,6.77820732 3,9.28974232 3,12 C3,14.7140097 4.20729644,17.2286725 6.25618985,18.929169 L4.9788888,20.4681628 Z\" fill=\"#000000\" fill-rule=\"nonzero\" opacity=\"0.3\"><\/path> <path d=\"M11,14.2919782 C10.1170476,13.9061998 9.5,13.0251595 9.5,12 C9.5,10.6192881 10.6192881,9.5 12,9.5 C13.3807119,9.5 14.5,10.6192881 14.5,12 C14.5,13.0251595 13.8829524,13.9061998 13,14.2919782 L13,20 C13,20.5522847 12.5522847,21 12,21 C11.4477153,21 11,20.5522847 11,20 L11,14.2919782 Z\" fill=\"#000000\"><\/path> <\/g> <\/svg><\/span><span class=\"font-weight-bold text-heading-default\" >Hvor h\u00f8y m\u00e5 internetthastigheten min v\u00e6re?<\/span><\/button>\n               <\/div>\n\n               <div id=\"collapsepix-tab-9005154\" class=\"collapse\" aria-labelledby=\"headingpix-tab-9005154\">\n                 <div class=\"card-body\">\n                     <p>For en jevn nedlasting trenger du en stabil internettforbindelse p\u00e5 minst 16.000 DSL. Vi anbefaler h\u00f8yere tilkobling, ellers kan det oppst\u00e5 tilkoblingsproblemer med flere enheter i husstanden.<\/p>\n                 <\/div>\n               <\/div>\n             <\/div><\/div>\t\t<\/div>\n\t\t\t\t<\/div>\n\t\t\t\t\t<\/div>\n\t\t<\/div>\n\t\t\t\t<div class=\"elementor-column elementor-col-50 elementor-top-column elementor-element elementor-element-66a8fe8\" data-id=\"66a8fe8\" data-element_type=\"column\">\n\t\t\t<div class=\"elementor-widget-wrap elementor-element-populated\">\n\t\t\t\t\t\t\t\t<div class=\"elementor-element elementor-element-980e0c7 elementor-widget elementor-widget-pix-badge\" data-id=\"980e0c7\" data-element_type=\"widget\" data-widget_type=\"pix-badge.default\">\n\t\t\t\t<div class=\"elementor-widget-container\">\n\t\t\t<div class=\"pix-element-div w-100 text-left\"><h6 class=\"pix-badge-element d-inline-block mr-1\"  ><span class=\"badge font-weight-bold bg-primary\" style=\" \"><span class=\"text-white\" style=\"\">24\/7 online support<\/span><\/span><\/h6><\/div>\t\t<\/div>\n\t\t\t\t<\/div>\n\t\t\t\t<div class=\"elementor-element elementor-element-e22a104 elementor-invisible elementor-widget elementor-widget-pix-heading\" data-id=\"e22a104\" data-element_type=\"widget\" data-widget_type=\"pix-heading.default\">\n\t\t\t\t<div class=\"elementor-widget-container\">\n\t\t\t<div  class=\"pix-heading-el text-left\"><div><div class=\"slide-in-container\"><h3 class=\"text-heading-default font-weight-bold animate-in heading-text el-title_custom_color mb-12\" style=\"\" data-anim-type=\"fade-in-up\" data-anim-delay=\"0\">Foresp\u00f8rsel om gratis pr\u00f8veversjon<\/h3><\/div><\/div><\/div>\t\t<\/div>\n\t\t\t\t<\/div>\n\t\t\t\t<div class=\"elementor-element elementor-element-90fb4e1 elementor-widget elementor-widget-text-editor\" data-id=\"90fb4e1\" data-element_type=\"widget\" data-widget_type=\"text-editor.default\">\n\t\t\t\t<div class=\"elementor-widget-container\">\n\t\t\t<style>\/*! elementor - v3.6.7 - 03-07-2022 *\/\n.elementor-widget-text-editor.elementor-drop-cap-view-stacked .elementor-drop-cap{background-color:#818a91;color:#fff}.elementor-widget-text-editor.elementor-drop-cap-view-framed .elementor-drop-cap{color:#818a91;border:3px solid;background-color:transparent}.elementor-widget-text-editor:not(.elementor-drop-cap-view-default) .elementor-drop-cap{margin-top:8px}.elementor-widget-text-editor:not(.elementor-drop-cap-view-default) .elementor-drop-cap-letter{width:1em;height:1em}.elementor-widget-text-editor .elementor-drop-cap{float:left;text-align:center;line-height:1;font-size:50px}.elementor-widget-text-editor .elementor-drop-cap-letter{display:inline-block}<\/style>\t\t\t\t\n<div class=\"wpcf7 no-js\" id=\"wpcf7-f2939-o1\" lang=\"en-US\" dir=\"ltr\">\n<div class=\"screen-reader-response\"><p role=\"status\" aria-live=\"polite\" aria-atomic=\"true\"><\/p> <ul><\/ul><\/div>\n<form action=\"\/nb\/wp-json\/wp\/v2\/pages\/4066#wpcf7-f2939-o1\" method=\"post\" class=\"wpcf7-form init\" aria-label=\"Kontakt skjema\" novalidate=\"novalidate\" data-status=\"init\" data-trp-original-action=\"\/nb\/wp-json\/wp\/v2\/pages\/4066#wpcf7-f2939-o1\">\n<div style=\"display: none;\">\n<input type=\"hidden\" name=\"_wpcf7\" value=\"2939\" \/>\n<input type=\"hidden\" name=\"_wpcf7_version\" value=\"5.8\" \/>\n<input type=\"hidden\" name=\"_wpcf7_locale\" value=\"en_US\" \/>\n<input type=\"hidden\" name=\"_wpcf7_unit_tag\" value=\"wpcf7-f2939-o1\" \/>\n<input type=\"hidden\" name=\"_wpcf7_container_post\" value=\"0\" \/>\n<input type=\"hidden\" name=\"_wpcf7_posted_data_hash\" value=\"\" \/>\n<\/div>\n<div class=\"pix-contact7-form\"><div class=\"row\">\n\t<div class=\"col-md-6\">\n\t\t<p><label class=\"w-100\">Fullt navn<br \/>\n<span class=\"wpcf7-form-control-wrap\" data-name=\"your-name\"><input size=\"40\" class=\"wpcf7-form-control wpcf7-text pix-my-5 form-control bg-gray-1 shadow-0\" aria-invalid=\"false\" placeholder=\"John Doe\" value=\"\" type=\"text\" name=\"your-name\" \/><\/span><\/label>\n\t\t<\/p>\n\t<\/div>\n\t<div class=\"col-md-6\">\n\t\t<p><label class=\"w-100\">Epostadresse*<br \/>\n<span class=\"wpcf7-form-control-wrap\" data-name=\"your-email\"><input size=\"40\" class=\"wpcf7-form-control wpcf7-email wpcf7-validates-as-required wpcf7-text wpcf7-validates-as-email pix-my-5 form-control bg-gray-1 shadow-0\" aria-required=\"true\" aria-invalid=\"false\" placeholder=\"e-post@gmail.com\" value=\"\" type=\"email\" name=\"your-email\" \/><\/span><\/label>\n\t\t<\/p>\n\t<\/div>\n<\/div>\n<p><label class=\"w-100\">Skriv meldingen din nedenfor<span class=\"wpcf7-form-control-wrap\" data-name=\"your-message\"><textarea cols=\"40\" rows=\"4\" class=\"wpcf7-form-control wpcf7-textarea pix-my-5 form-control bg-gray-1 shadow-0\" aria-invalid=\"false\" placeholder=\"Din beskjed\" name=\"your-message\"><\/textarea><\/span> <\/label>\n<\/p>\n<div class=\"row\">\n\t<div class=\"col-md-12\">\n\t\t<p><label class=\"w-100\">Hva ser du etter? <span class=\"wpcf7-form-control-wrap\" data-name=\"radio-611\"><span class=\"wpcf7-form-control wpcf7-radio pixfort-select pix-my-5 form-control bg-gray-1 shadow-0\"><span class=\"wpcf7-list-item first\"><label><input type=\"radio\" name=\"radio-611\" value=\"Test Line\" \/><span class=\"wpcf7-list-item-label\">Testlinje<\/span><\/label><\/span><span class=\"wpcf7-list-item\"><label><input type=\"radio\" name=\"radio-611\" value=\"Technical Support\" \/><span class=\"wpcf7-list-item-label\">Teknisk st\u00f8tte<\/span><\/label><\/span><span class=\"wpcf7-list-item last\"><label><input type=\"radio\" name=\"radio-611\" value=\"General Question\" \/><span class=\"wpcf7-list-item-label\">Generelt sp\u00f8rsm\u00e5l<\/span><\/label><\/span><\/span><\/span> <\/label>\n\t\t<\/p>\n\t<\/div>\n\t<div class=\"col-md-12 custom\">\n\t\t<p><input class=\"wpcf7-form-control wpcf7-submit has-spinner btn btn-secondary text-white w-100 pix-mt-10 font-weight-bold btn-lg secondary-font\" type=\"submit\" value=\"Send inn skjema\" \/>\n\t\t<\/p>\n\t<\/div>\n<\/div><\/div><div class=\"wpcf7-response-output\" aria-hidden=\"true\"><\/div>\n<input type=\"hidden\" name=\"trp-form-language\" value=\"nb\"\/><\/form>\n<\/div>\n\t\t\t\t\t\t<\/div>\n\t\t\t\t<\/div>\n\t\t\t\t\t<\/div>\n\t\t<\/div>\n\t\t\t\t\t\t\t<\/div>\n\t\t<\/section>\n\t\t\t\t\t\t\t<\/div>","protected":false},"excerpt":{"rendered":"<p>Hold kontakten med oss V\u00e5re erfarne IPTV-eksperter hjelper deg gjerne med \u00e5 ta den riktige avgj\u00f8relsen. Bestill n\u00e5 Ofte stilte sp\u00f8rsm\u00e5l F\u00f8r du sender oss en melding, anbefaler vi \u00e5 se gjennom hjelpeseksjonen v\u00e5r. Kan jeg f\u00e5\u2026<\/p>","protected":false},"author":1,"featured_media":0,"parent":0,"menu_order":0,"comment_status":"closed","ping_status":"closed","template":"","meta":{"footnotes":""},"class_list":["post-4066","page","type-page","status-publish","hentry"],"_links":{"self":[{"href":"https:\/\/support.iptv-nordic.com\/nb\/wp-json\/wp\/v2\/pages\/4066","targetHints":{"allow":["GET"]}}],"collection":[{"href":"https:\/\/support.iptv-nordic.com\/nb\/wp-json\/wp\/v2\/pages"}],"about":[{"href":"https:\/\/support.iptv-nordic.com\/nb\/wp-json\/wp\/v2\/types\/page"}],"author":[{"embeddable":true,"href":"https:\/\/support.iptv-nordic.com\/nb\/wp-json\/wp\/v2\/users\/1"}],"replies":[{"embeddable":true,"href":"https:\/\/support.iptv-nordic.com\/nb\/wp-json\/wp\/v2\/comments?post=4066"}],"version-history":[{"count":23,"href":"https:\/\/support.iptv-nordic.com\/nb\/wp-json\/wp\/v2\/pages\/4066\/revisions"}],"predecessor-version":[{"id":5913,"href":"https:\/\/support.iptv-nordic.com\/nb\/wp-json\/wp\/v2\/pages\/4066\/revisions\/5913"}],"wp:attachment":[{"href":"https:\/\/support.iptv-nordic.com\/nb\/wp-json\/wp\/v2\/media?parent=4066"}],"curies":[{"name":"wp","href":"https:\/\/api.w.org\/{rel}","templated":true}]}}