{"id":5662,"date":"2022-10-21T14:35:58","date_gmt":"2022-10-21T14:35:58","guid":{"rendered":"https:\/\/support.iptv-nordic.com\/?page_id=5662"},"modified":"2024-08-27T12:08:52","modified_gmt":"2024-08-27T12:08:52","slug":"smart-iptv","status":"publish","type":"page","link":"https:\/\/support.iptv-nordic.com\/pl\/smart-iptv\/","title":{"rendered":"INTELIGENTNA IPTV"},"content":{"rendered":"<div data-elementor-type=\"wp-page\" data-elementor-id=\"5662\" class=\"elementor elementor-5662\">\n\t\t\t\t\t\t\t\t\t<section class=\"elementor-section elementor-top-section elementor-element elementor-element-a244338 elementor-section-height-min-height elementor-section-stretched elementor-section-boxed elementor-section-height-default elementor-section-items-middle\" data-id=\"a244338\" data-element_type=\"section\" data-settings=\"{&quot;stretch_section&quot;:&quot;section-stretched&quot;,&quot;background_background&quot;:&quot;classic&quot;,&quot;shape_divider_bottom&quot;:&quot;waves&quot;}\">\n\t\t\t\t\t<div class=\"elementor-shape elementor-shape-bottom\" data-negative=\"false\">\n\t\t\t<svg xmlns=\"http:\/\/www.w3.org\/2000\/svg\" viewbox=\"0 0 1000 100\" preserveaspectratio=\"none\">\n\t<path class=\"elementor-shape-fill\" d=\"M421.9,6.5c22.6-2.5,51.5,0.4,75.5,5.3c23.6,4.9,70.9,23.5,100.5,35.7c75.8,32.2,133.7,44.5,192.6,49.7\tc23.6,2.1,48.7,3.5,103.4-2.5c54.7-6,106.2-25.6,106.2-25.6V0H0v30.3c0,0,72,32.6,158.4,30.5c39.2-0.7,92.8-6.7,134-22.4\tc21.2-8.1,52.2-18.2,79.7-24.2C399.3,7.9,411.6,7.5,421.9,6.5z\"\/>\n<\/svg>\t\t<\/div>\n\t\t\t\t\t<div class=\"elementor-container elementor-column-gap-default\">\n\t\t\t\t\t<div class=\"elementor-column elementor-col-100 elementor-top-column elementor-element elementor-element-d5de313\" data-id=\"d5de313\" data-element_type=\"column\">\n\t\t\t<div class=\"elementor-widget-wrap elementor-element-populated\">\n\t\t\t\t\t\t\t\t<section class=\"elementor-section elementor-inner-section elementor-element elementor-element-aa3603b elementor-section-boxed elementor-section-height-default elementor-section-height-default\" data-id=\"aa3603b\" data-element_type=\"section\">\n\t\t\t\t\t\t<div class=\"elementor-container elementor-column-gap-default\">\n\t\t\t\t\t<div class=\"elementor-column elementor-col-100 elementor-inner-column elementor-element elementor-element-9c0a9fc\" data-id=\"9c0a9fc\" data-element_type=\"column\">\n\t\t\t<div class=\"elementor-widget-wrap elementor-element-populated\">\n\t\t\t\t\t\t\t\t<div class=\"elementor-element elementor-element-e14fada elementor-widget elementor-widget-pix-highlighted-text\" data-id=\"e14fada\" data-element_type=\"widget\" data-widget_type=\"pix-highlighted-text.default\">\n\t\t\t\t<div class=\"elementor-widget-container\">\n\t\t\t<div id=\"highlighted-text-182452717\" class=\"pix-highlighted-element text-left\"><div class=\"d-inline-block\" style=\"max-width:650px;\"><h1 class=\"pix-highlighted-items\" style=\"\" data-anim-type=\"\" data-anim-delay=\"\"><span class=\"\"><span class=\"pix-highlighted-text pix-highlight-item font-weight-normal  heading-font text-heading-default\">Jak skonfigurowa\u0107<\/span><\/span><\/br><span id=\"highlighted-text-182452717-1\" class=\"pix-highlight-bg align-middle2  elementor-repeater-item-91671f5 highlighted-text-182452717-1 animate-in\" data-anim-type=\"highlight-grow\" data-anim-delay=\"200\"><span class=\"pix-highlighted-text  pix-highlight-item font-weight-normal  font-weight-bold heading-font text-heading-default\">Inteligentna telewizja internetowa<\/span><\/span><\/h1><\/div><\/div>\t\t<\/div>\n\t\t\t\t<\/div>\n\t\t\t\t\t<\/div>\n\t\t<\/div>\n\t\t\t\t\t\t\t<\/div>\n\t\t<\/section>\n\t\t\t\t\t<\/div>\n\t\t<\/div>\n\t\t\t\t\t\t\t<\/div>\n\t\t<\/section>\n\t\t\t\t<section class=\"elementor-section elementor-top-section elementor-element elementor-element-0557c78 elementor-section-boxed elementor-section-height-default elementor-section-height-default\" data-id=\"0557c78\" data-element_type=\"section\">\n\t\t\t\t\t\t<div class=\"elementor-container elementor-column-gap-default\">\n\t\t\t\t\t<div class=\"elementor-column elementor-col-100 elementor-top-column elementor-element elementor-element-0893bca\" data-id=\"0893bca\" data-element_type=\"column\">\n\t\t\t<div class=\"elementor-widget-wrap elementor-element-populated\">\n\t\t\t\t\t\t\t\t<div class=\"elementor-element elementor-element-51ff1cf elementor-widget elementor-widget-text-editor\" data-id=\"51ff1cf\" data-element_type=\"widget\" data-widget_type=\"text-editor.default\">\n\t\t\t\t<div class=\"elementor-widget-container\">\n\t\t\t<style>\/*! elementor - v3.6.7 - 03-07-2022 *\/\n.elementor-widget-text-editor.elementor-drop-cap-view-stacked .elementor-drop-cap{background-color:#818a91;color:#fff}.elementor-widget-text-editor.elementor-drop-cap-view-framed .elementor-drop-cap{color:#818a91;border:3px solid;background-color:transparent}.elementor-widget-text-editor:not(.elementor-drop-cap-view-default) .elementor-drop-cap{margin-top:8px}.elementor-widget-text-editor:not(.elementor-drop-cap-view-default) .elementor-drop-cap-letter{width:1em;height:1em}.elementor-widget-text-editor .elementor-drop-cap{float:left;text-align:center;line-height:1;font-size:50px}.elementor-widget-text-editor .elementor-drop-cap-letter{display:inline-block}<\/style>\t\t\t\t<ol class=\"schema-how-to-steps\"><li id=\"how-to-step-1580905043550\" class=\"schema-how-to-step\"><p><strong>Krok 1:<\/strong>\u00a0Zacznij od pobrania aplikacji Smart IPTV ze sklepu.<\/p><p>Uwaga: Na pocz\u0105tek aplikacja oferuje m.in\u00a0<strong>7-dniowy bezp\u0142atny okres pr\u00f3bny<\/strong>. Po wyga\u015bni\u0119ciu Aplikacji mo\u017cna j\u0105 ponownie uzyska\u0107 za po\u015brednictwem mikrotransakcji w Aplikacji lub odwiedzi\u0107 stron\u0119 internetow\u0105 i zakupi\u0107 licencj\u0119.<\/p><p><strong>Krok 2:<\/strong>\u00a0Po otwarciu aplikacji zobaczysz adres swojego TV Mac.<\/p><p>Zapisz to, aby przygotowa\u0107 si\u0119 do nast\u0119pnego kroku.<\/p><p><img loading=\"lazy\" decoding=\"async\" class=\"alignnone size-full wp-image-5667\" src=\"https:\/\/support.iptv-nordic.com\/wp-content\/uploads\/2022\/10\/6iptv_smartiptv_mac.png\" alt=\"\" width=\"632\" height=\"375\" title=\"\" srcset=\"https:\/\/support.iptv-nordic.com\/wp-content\/uploads\/2022\/10\/6iptv_smartiptv_mac.png 632w, https:\/\/support.iptv-nordic.com\/wp-content\/uploads\/2022\/10\/6iptv_smartiptv_mac-300x178.png 300w, https:\/\/support.iptv-nordic.com\/wp-content\/uploads\/2022\/10\/6iptv_smartiptv_mac-18x12.png 18w, https:\/\/support.iptv-nordic.com\/wp-content\/uploads\/2022\/10\/6iptv_smartiptv_mac-600x356.png 600w\" sizes=\"auto, (max-width: 632px) 100vw, 632px\" \/><\/p><p><strong>Krok 3:<\/strong>\u00a0Otw\u00f3rz stron\u0119 internetow\u0105 programu do przesy\u0142ania list odtwarzania, otwieraj\u0105c ten adres URL\u00a0<a href=\"http:\/\/siptv.eu\/mylist\/\" rel=\"nofollow noopener\" target=\"_blank\">http:\/\/siptv.eu\/mylist\/<\/a><\/p><p>Umie\u015b\u0107 adres swojego telewizora Mac i otrzymany od nas adres URL M3U, zaznacz \u201e<strong>Zachowaj online<\/strong>\u201d i naci\u015bnij \u201e<strong>Dodaj link<\/strong>&#8220;<\/p><p><strong>Lepiej doda\u0107 link M3U i nie u\u017cywa\u0107 statycznego pliku M3U, aby mie\u0107 wszystkie nowe aktualizacje.<\/strong><\/p><p><img loading=\"lazy\" decoding=\"async\" class=\"alignnone size-full wp-image-5669\" src=\"https:\/\/support.iptv-nordic.com\/wp-content\/uploads\/2022\/10\/6iptv_smartiptv_upload.png\" alt=\"\" width=\"919\" height=\"709\" title=\"\" srcset=\"https:\/\/support.iptv-nordic.com\/wp-content\/uploads\/2022\/10\/6iptv_smartiptv_upload.png 919w, https:\/\/support.iptv-nordic.com\/wp-content\/uploads\/2022\/10\/6iptv_smartiptv_upload-300x231.png 300w, https:\/\/support.iptv-nordic.com\/wp-content\/uploads\/2022\/10\/6iptv_smartiptv_upload-768x593.png 768w, https:\/\/support.iptv-nordic.com\/wp-content\/uploads\/2022\/10\/6iptv_smartiptv_upload-16x12.png 16w, https:\/\/support.iptv-nordic.com\/wp-content\/uploads\/2022\/10\/6iptv_smartiptv_upload-600x463.png 600w\" sizes=\"auto, (max-width: 919px) 100vw, 919px\" \/><\/p><p><strong>Krok 4:<\/strong>\u00a0Po pomy\u015blnym przes\u0142aniu listy odtwarzania uruchom ponownie aplikacj\u0119 Smart IPTV, a kana\u0142y zostan\u0105 wy\u015bwietlone.<\/p><p>Has\u0142o do tre\u015bci dla doros\u0142ych<\/p><p>Aby odblokowa\u0107 tre\u015bci dla doros\u0142ych w aplikacji Smart TV, mo\u017cesz wypr\u00f3bowa\u0107 0000, 1234 lub 1122.<\/p><p><strong>Cieszy\u0107 si\u0119!<\/strong><\/p><\/li><\/ol>\t\t\t\t\t\t<\/div>\n\t\t\t\t<\/div>\n\t\t\t\t\t<\/div>\n\t\t<\/div>\n\t\t\t\t\t\t\t<\/div>\n\t\t<\/section>\n\t\t\t\t\t\t\t<\/div>","protected":false},"excerpt":{"rendered":"<p>Jak skonfigurowa\u0107 Smart IPTV Krok 1: Zacznij od pobrania aplikacji Smart IPTV ze sklepu. Uwaga: na pocz\u0105tek aplikacja oferuje 7-dniowy bezp\u0142atny okres pr\u00f3bny. Po wyga\u015bni\u0119ciu wa\u017cno\u015bci aplikacji mo\u017cesz j\u0105 ponownie otrzyma\u0107 za po\u015brednictwem mikrotransakcji w aplikacji\u2026<\/p>","protected":false},"author":1,"featured_media":0,"parent":0,"menu_order":0,"comment_status":"closed","ping_status":"closed","template":"elementor_header_footer","meta":{"footnotes":""},"class_list":["post-5662","page","type-page","status-publish","hentry"],"_links":{"self":[{"href":"https:\/\/support.iptv-nordic.com\/pl\/wp-json\/wp\/v2\/pages\/5662","targetHints":{"allow":["GET"]}}],"collection":[{"href":"https:\/\/support.iptv-nordic.com\/pl\/wp-json\/wp\/v2\/pages"}],"about":[{"href":"https:\/\/support.iptv-nordic.com\/pl\/wp-json\/wp\/v2\/types\/page"}],"author":[{"embeddable":true,"href":"https:\/\/support.iptv-nordic.com\/pl\/wp-json\/wp\/v2\/users\/1"}],"replies":[{"embeddable":true,"href":"https:\/\/support.iptv-nordic.com\/pl\/wp-json\/wp\/v2\/comments?post=5662"}],"version-history":[{"count":10,"href":"https:\/\/support.iptv-nordic.com\/pl\/wp-json\/wp\/v2\/pages\/5662\/revisions"}],"predecessor-version":[{"id":5937,"href":"https:\/\/support.iptv-nordic.com\/pl\/wp-json\/wp\/v2\/pages\/5662\/revisions\/5937"}],"wp:attachment":[{"href":"https:\/\/support.iptv-nordic.com\/pl\/wp-json\/wp\/v2\/media?parent=5662"}],"curies":[{"name":"wp","href":"https:\/\/api.w.org\/{rel}","templated":true}]}}